{"id":724,"date":"2021-04-19T19:03:29","date_gmt":"2021-04-19T18:03:29","guid":{"rendered":"https:\/\/salzkammergutenglish.at\/?page_id=724"},"modified":"2024-08-06T09:55:41","modified_gmt":"2024-08-06T08:55:41","slug":"ueber-mich","status":"publish","type":"page","link":"https:\/\/salzkammergutenglish.at\/de\/ueber-mich\/","title":{"rendered":"\u00dcber mich"},"content":{"rendered":"\n<p>Salzkammergut English bietet Content- und Redaktionsdienste in englischer Sprache in \u00d6sterreich an. Eigent\u00fcmerin und Gesch\u00e4ftsf\u00fchrerin ist Mairi Bunce, eine freiberufliche Redakteurin, Texterin und Englischlehrerin.<\/p>\n\n\n\n<p>Mairi Bunce muttersprachliche Autorin, Content Writer, Texterin, Redakteurin, Englischlehrerin in Bad Ischl, Ober\u00f6sterreich, \u00d6sterreich<\/p>\n\n\n\n<p>Lass uns bei meinem Namen anfangen.<\/p>\n\n\n\n<p>&#8218;Mairi&#8216; sieht immer so aus, als h\u00e4tte er zu viele Vokale. Zum Gl\u00fcck ist er leicht auszusprechen. Sag einfach &#8222;Marry&#8220; und du hast es fast geschafft.<\/p>\n\n\n\n<figure class=\"wp-block-image size-large is-style-default\"><a href=\"https:\/\/salzkammergutenglish.at\/wp-content\/uploads\/2021\/04\/Profile.jpg\"><img loading=\"lazy\" decoding=\"async\" width=\"683\" height=\"1024\" src=\"https:\/\/salzkammergutenglish.at\/wp-content\/uploads\/2021\/04\/Profile.jpg\" alt=\"\" class=\"wp-image-779\" srcset=\"https:\/\/salzkammergutenglish.at\/wp-content\/uploads\/2021\/04\/Profile.jpg 683w, https:\/\/salzkammergutenglish.at\/wp-content\/uploads\/2021\/04\/Profile-200x300.jpg 200w\" sizes=\"auto, (max-width: 683px) 100vw, 683px\" \/><\/a><\/figure>\n\n\n\n<p>Mein Name kommt, wie ich selbst, aus Schottland. Ich wurde in Aberdeen geboren, verbrachte meine Kindheit in den Highlands und auf den n\u00f6rdlichen Inseln und landete schlie\u00dflich in St. Andrews, wo ich an Schottlands \u00e4ltester Universit\u00e4t Englische Literatur studierte.<\/p>\n\n\n\n<p>Wie viele andere Studenten habe ich in der Tourismus- und Gastronomiebranche von St. Andrews gearbeitet. Ich war Tellerw\u00e4scherin, Haush\u00e4lterin, Kellnerin, Rezeptionistin und schlie\u00dflich Marketingmanagerin in <a href=\"https:\/\/www.ardgowanhotel.co.uk\/\">einem Hotel<\/a>, das nur hundert Meter vom Old Course entfernt lag.<\/p>\n\n\n\n<p>Aber 2014 war es Zeit f\u00fcr eine Ver\u00e4nderung.<\/p>\n\n\n\n<p>Im Juli ging ich nach Oxford und machte eine CELTA-Ausbildung zur Lehrerin f\u00fcr Englisch als Fremdsprache.<\/p>\n\n\n\n<p>Im August packte ich 23 Kisten mit B\u00fcchern in einen wei\u00dfen Lieferwagen und zog nach Wien.<\/p>\n\n\n\n<p>Im September begann ich Deutsch zu lernen und lebte mich in mein neues Leben in \u00d6sterreich ein.<\/p>\n\n\n\n<h1 class=\"wp-block-heading\">Was ich mache<\/h1>\n\n\n\n<h2 class=\"wp-block-heading\">Selbstst\u00e4ndige Werbetexterin und Content Writer<\/h2>\n\n\n\n<p><br>Mein erstes Unternehmen in \u00d6sterreich war &#8222;Vienna English Copy&#8220;. Ich war ein muttersprachlicher Korrekturleserin, Redakteurin und Autorin f\u00fcr Wohlt\u00e4tigkeitsorganisationen, Unternehmen, Studierende und Professoren.<\/p>\n\n\n\n<p>Im Jahr 2021 zog meine Familie nach Bad Ischl in Ober\u00f6sterreich und aus Vienna English Copy wurde Salzkammergut English.<\/p>\n\n\n\n<p>In den wundersch\u00f6nen \u00f6sterreichischen Alpen beschloss ich, alles, was ich als Freiberuflerin in Wien gelernt hatte, mit meiner Erfahrung als Hotelvermarkterin zu kombinieren. Ich wollte mit Unternehmen aus dem Tourismus und der Gastronomie zusammenarbeiten, um Inhalte zu erstellen, die bei ihren englischsprachigen Besuchern einen guten Eindruck hinterlassen.<\/p>\n\n\n\n<p>Sie freuen sich \u00fcber mehr Kundschaft. Ich kann das tun, was ich liebe. Und wir k\u00f6nnen daf\u00fcr sorgen, dass sich mehr Menschen bei ihrem Besuch in dieser spektakul\u00e4ren Ecke der Welt wie zu Hause f\u00fchlen.<\/p>\n\n\n\n<p>Neben meiner Arbeit f\u00fcr \u00f6sterreichische Kunden schreibe ich auch regelm\u00e4\u00dfig Inhalte f\u00fcr Agenturen und Privatkunden auf beiden Seiten des Atlantiks. In <a href=\"https:\/\/salzkammergutenglish.at\/de\/text-dienstleistungen\/bisherige-kunden\/\">meinem Portfolio<\/a> findest du eine vollst\u00e4ndige Liste meiner Projekte.<\/p>\n\n\n\n<h2 class=\"wp-block-heading\">Remote-Redakteurin und Korrekturleserin<\/h2>\n\n\n\n<p>Ich schreibe jeden Tag. Blogposts f\u00fcr Kunden, Beitr\u00e4ge f\u00fcr soziale Medien und Geschichten, die ich nur zum Spa\u00df schreibe. Ich liebe es auch, mit Autorinnen und Autoren zusammenzuarbeiten, um ihre Texte so gut wie m\u00f6glich zu machen.<\/p>\n\n\n\n<p>Wenn du mit einem wortgewandten, zug\u00e4nglichen Redakteur zusammenarbeiten m\u00f6chtest, der mit den Freuden und Herausforderungen der Arbeit in zwei Sprachen vertraut ist, bist du bei mir an der richtigen Adresse.<\/p>\n\n\n\n<p>Ich habe mit Verlagen in Gro\u00dfbritannien und \u00d6sterreich an B\u00fcchern f\u00fcr den akademischen und den Massenmarkt gearbeitet.<\/p>\n\n\n\n<p><br>Ich habe Inhalte f\u00fcr Wohlt\u00e4tigkeitsorganisationen, Nichtregierungsorganisationen und Gemeinden gepr\u00fcft, die sich f\u00fcr die F\u00f6rderung von Frauen und M\u00e4dchen einsetzen.<\/p>\n\n\n\n<p><br>Und ich habe in der Finanz-, Wohnkredit- und Gesundheitsbranche gearbeitet, um Fachjargon zu entlarven und die Leser*innen zu bef\u00e4higen, f\u00fcr sich selbst einzutreten.<\/p>\n\n\n\n<p><br>Lass uns also gemeinsam daran arbeiten, deine Stimme zu finden.<\/p>\n\n\n\n<h3 class=\"wp-block-heading\"><a href=\"https:\/\/salzkammergutenglish.at\/de\/text-dienstleistungen\/\">Mehr zum Thema Lektorat und Korrekturlesen<\/a><\/h3>\n\n\n\n<h3 class=\"wp-block-heading\">Aber genug von mir \u2026 .<br>Lass uns \u00fcber dich und dein Projekt sprechen. <a href=\"https:\/\/salzkammergutenglish.at\/de\/kontakt\/\">Kontaktiere mich hier<\/a> und wir k\u00f6nnen noch heute mit dem Gespr\u00e4ch beginnen.<\/h3>\n","protected":false},"excerpt":{"rendered":"<p>Salzkammergut English bietet Content- und Redaktionsdienste in englischer Sprache in \u00d6sterreich an. Eigent\u00fcmerin und Gesch\u00e4ftsf\u00fchrerin ist Mairi Bunce, eine freiberufliche Redakteurin, Texterin und Englischlehrerin. Mairi Bunce muttersprachliche Autorin, Content Writer, Texterin, Redakteurin, Englischlehrerin in Bad&#8230;<\/p>\n","protected":false},"author":1,"featured_media":0,"parent":0,"menu_order":0,"comment_status":"closed","ping_status":"closed","template":"","meta":{"_monsterinsights_skip_tracking":false,"_monsterinsights_sitenote_active":false,"_monsterinsights_sitenote_note":"","_monsterinsights_sitenote_category":0,"footnotes":""},"class_list":["post-724","page","type-page","status-publish","hentry"],"yoast_head":"<!-- This site is optimized with the Yoast SEO plugin v27.2 - https:\/\/yoast.com\/product\/yoast-seo-wordpress\/ -->\n<title>\u00dcber mich - Salzkammergut English<\/title>\n<meta name=\"robots\" content=\"index, follow, max-snippet:-1, max-image-preview:large, max-video-preview:-1\" \/>\n<link rel=\"canonical\" href=\"https:\/\/salzkammergutenglish.at\/de\/ueber-mich\/\" \/>\n<meta property=\"og:locale\" content=\"de_DE\" \/>\n<meta property=\"og:type\" content=\"article\" \/>\n<meta property=\"og:title\" content=\"\u00dcber mich - Salzkammergut English\" \/>\n<meta property=\"og:description\" content=\"Salzkammergut English bietet Content- und Redaktionsdienste in englischer Sprache in \u00d6sterreich an. Eigent\u00fcmerin und Gesch\u00e4ftsf\u00fchrerin ist Mairi Bunce, eine freiberufliche Redakteurin, Texterin und Englischlehrerin. Mairi Bunce muttersprachliche Autorin, Content Writer, Texterin, Redakteurin, Englischlehrerin in Bad...\" \/>\n<meta property=\"og:url\" content=\"https:\/\/salzkammergutenglish.at\/de\/ueber-mich\/\" \/>\n<meta property=\"og:site_name\" content=\"Salzkammergut English\" \/>\n<meta property=\"article:publisher\" content=\"https:\/\/www.facebook.com\/English.in.Ischl\" \/>\n<meta property=\"article:modified_time\" content=\"2024-08-06T08:55:41+00:00\" \/>\n<meta property=\"og:image\" content=\"https:\/\/salzkammergutenglish.at\/wp-content\/uploads\/2021\/04\/Profile.jpg\" \/>\n<meta name=\"twitter:label1\" content=\"Gesch\u00e4tzte Lesezeit\" \/>\n\t<meta name=\"twitter:data1\" content=\"3\u00a0Minuten\" \/>\n<script type=\"application\/ld+json\" class=\"yoast-schema-graph\">{\"@context\":\"https:\/\/schema.org\",\"@graph\":[{\"@type\":\"WebPage\",\"@id\":\"https:\/\/salzkammergutenglish.at\/de\/ueber-mich\/\",\"url\":\"https:\/\/salzkammergutenglish.at\/de\/ueber-mich\/\",\"name\":\"\u00dcber mich - Salzkammergut English\",\"isPartOf\":{\"@id\":\"https:\/\/salzkammergutenglish.at\/de\/#website\"},\"primaryImageOfPage\":{\"@id\":\"https:\/\/salzkammergutenglish.at\/de\/ueber-mich\/#primaryimage\"},\"image\":{\"@id\":\"https:\/\/salzkammergutenglish.at\/de\/ueber-mich\/#primaryimage\"},\"thumbnailUrl\":\"https:\/\/salzkammergutenglish.at\/wp-content\/uploads\/2021\/04\/Profile.jpg\",\"datePublished\":\"2021-04-19T18:03:29+00:00\",\"dateModified\":\"2024-08-06T08:55:41+00:00\",\"breadcrumb\":{\"@id\":\"https:\/\/salzkammergutenglish.at\/de\/ueber-mich\/#breadcrumb\"},\"inLanguage\":\"de\",\"potentialAction\":[{\"@type\":\"ReadAction\",\"target\":[\"https:\/\/salzkammergutenglish.at\/de\/ueber-mich\/\"]}]},{\"@type\":\"ImageObject\",\"inLanguage\":\"de\",\"@id\":\"https:\/\/salzkammergutenglish.at\/de\/ueber-mich\/#primaryimage\",\"url\":\"https:\/\/salzkammergutenglish.at\/wp-content\/uploads\/2021\/04\/Profile.jpg\",\"contentUrl\":\"https:\/\/salzkammergutenglish.at\/wp-content\/uploads\/2021\/04\/Profile.jpg\"},{\"@type\":\"BreadcrumbList\",\"@id\":\"https:\/\/salzkammergutenglish.at\/de\/ueber-mich\/#breadcrumb\",\"itemListElement\":[{\"@type\":\"ListItem\",\"position\":1,\"name\":\"Home\",\"item\":\"https:\/\/salzkammergutenglish.at\/de\/\"},{\"@type\":\"ListItem\",\"position\":2,\"name\":\"\u00dcber mich\"}]},{\"@type\":\"WebSite\",\"@id\":\"https:\/\/salzkammergutenglish.at\/de\/#website\",\"url\":\"https:\/\/salzkammergutenglish.at\/de\/\",\"name\":\"Salzkammergut English\",\"description\":\"Professional content writing, editing, and tutoring in English\",\"publisher\":{\"@id\":\"https:\/\/salzkammergutenglish.at\/de\/#\/schema\/person\/9a9c9ad5958f99338b4ac9ab4c682d84\"},\"potentialAction\":[{\"@type\":\"SearchAction\",\"target\":{\"@type\":\"EntryPoint\",\"urlTemplate\":\"https:\/\/salzkammergutenglish.at\/de\/?s={search_term_string}\"},\"query-input\":{\"@type\":\"PropertyValueSpecification\",\"valueRequired\":true,\"valueName\":\"search_term_string\"}}],\"inLanguage\":\"de\"},{\"@type\":[\"Person\",\"Organization\"],\"@id\":\"https:\/\/salzkammergutenglish.at\/de\/#\/schema\/person\/9a9c9ad5958f99338b4ac9ab4c682d84\",\"name\":\"mairibunce\",\"image\":{\"@type\":\"ImageObject\",\"inLanguage\":\"de\",\"@id\":\"https:\/\/salzkammergutenglish.at\/wp-content\/uploads\/2021\/02\/cropped-logo.png\",\"url\":\"https:\/\/salzkammergutenglish.at\/wp-content\/uploads\/2021\/02\/cropped-logo.png\",\"contentUrl\":\"https:\/\/salzkammergutenglish.at\/wp-content\/uploads\/2021\/02\/cropped-logo.png\",\"width\":2602,\"height\":592,\"caption\":\"mairibunce\"},\"logo\":{\"@id\":\"https:\/\/salzkammergutenglish.at\/wp-content\/uploads\/2021\/02\/cropped-logo.png\"},\"sameAs\":[\"https:\/\/www.facebook.com\/English.in.Ischl\",\"https:\/\/www.linkedin.com\/in\/salzkammergutenglish\/\"]}]}<\/script>\n<!-- \/ Yoast SEO plugin. -->","yoast_head_json":{"title":"\u00dcber mich - Salzkammergut English","robots":{"index":"index","follow":"follow","max-snippet":"max-snippet:-1","max-image-preview":"max-image-preview:large","max-video-preview":"max-video-preview:-1"},"canonical":"https:\/\/salzkammergutenglish.at\/de\/ueber-mich\/","og_locale":"de_DE","og_type":"article","og_title":"\u00dcber mich - Salzkammergut English","og_description":"Salzkammergut English bietet Content- und Redaktionsdienste in englischer Sprache in \u00d6sterreich an. Eigent\u00fcmerin und Gesch\u00e4ftsf\u00fchrerin ist Mairi Bunce, eine freiberufliche Redakteurin, Texterin und Englischlehrerin. Mairi Bunce muttersprachliche Autorin, Content Writer, Texterin, Redakteurin, Englischlehrerin in Bad...","og_url":"https:\/\/salzkammergutenglish.at\/de\/ueber-mich\/","og_site_name":"Salzkammergut English","article_publisher":"https:\/\/www.facebook.com\/English.in.Ischl","article_modified_time":"2024-08-06T08:55:41+00:00","og_image":[{"url":"https:\/\/salzkammergutenglish.at\/wp-content\/uploads\/2021\/04\/Profile.jpg","type":"","width":"","height":""}],"twitter_misc":{"Gesch\u00e4tzte Lesezeit":"3\u00a0Minuten"},"schema":{"@context":"https:\/\/schema.org","@graph":[{"@type":"WebPage","@id":"https:\/\/salzkammergutenglish.at\/de\/ueber-mich\/","url":"https:\/\/salzkammergutenglish.at\/de\/ueber-mich\/","name":"\u00dcber mich - Salzkammergut English","isPartOf":{"@id":"https:\/\/salzkammergutenglish.at\/de\/#website"},"primaryImageOfPage":{"@id":"https:\/\/salzkammergutenglish.at\/de\/ueber-mich\/#primaryimage"},"image":{"@id":"https:\/\/salzkammergutenglish.at\/de\/ueber-mich\/#primaryimage"},"thumbnailUrl":"https:\/\/salzkammergutenglish.at\/wp-content\/uploads\/2021\/04\/Profile.jpg","datePublished":"2021-04-19T18:03:29+00:00","dateModified":"2024-08-06T08:55:41+00:00","breadcrumb":{"@id":"https:\/\/salzkammergutenglish.at\/de\/ueber-mich\/#breadcrumb"},"inLanguage":"de","potentialAction":[{"@type":"ReadAction","target":["https:\/\/salzkammergutenglish.at\/de\/ueber-mich\/"]}]},{"@type":"ImageObject","inLanguage":"de","@id":"https:\/\/salzkammergutenglish.at\/de\/ueber-mich\/#primaryimage","url":"https:\/\/salzkammergutenglish.at\/wp-content\/uploads\/2021\/04\/Profile.jpg","contentUrl":"https:\/\/salzkammergutenglish.at\/wp-content\/uploads\/2021\/04\/Profile.jpg"},{"@type":"BreadcrumbList","@id":"https:\/\/salzkammergutenglish.at\/de\/ueber-mich\/#breadcrumb","itemListElement":[{"@type":"ListItem","position":1,"name":"Home","item":"https:\/\/salzkammergutenglish.at\/de\/"},{"@type":"ListItem","position":2,"name":"\u00dcber mich"}]},{"@type":"WebSite","@id":"https:\/\/salzkammergutenglish.at\/de\/#website","url":"https:\/\/salzkammergutenglish.at\/de\/","name":"Salzkammergut English","description":"Professional content writing, editing, and tutoring in English","publisher":{"@id":"https:\/\/salzkammergutenglish.at\/de\/#\/schema\/person\/9a9c9ad5958f99338b4ac9ab4c682d84"},"potentialAction":[{"@type":"SearchAction","target":{"@type":"EntryPoint","urlTemplate":"https:\/\/salzkammergutenglish.at\/de\/?s={search_term_string}"},"query-input":{"@type":"PropertyValueSpecification","valueRequired":true,"valueName":"search_term_string"}}],"inLanguage":"de"},{"@type":["Person","Organization"],"@id":"https:\/\/salzkammergutenglish.at\/de\/#\/schema\/person\/9a9c9ad5958f99338b4ac9ab4c682d84","name":"mairibunce","image":{"@type":"ImageObject","inLanguage":"de","@id":"https:\/\/salzkammergutenglish.at\/wp-content\/uploads\/2021\/02\/cropped-logo.png","url":"https:\/\/salzkammergutenglish.at\/wp-content\/uploads\/2021\/02\/cropped-logo.png","contentUrl":"https:\/\/salzkammergutenglish.at\/wp-content\/uploads\/2021\/02\/cropped-logo.png","width":2602,"height":592,"caption":"mairibunce"},"logo":{"@id":"https:\/\/salzkammergutenglish.at\/wp-content\/uploads\/2021\/02\/cropped-logo.png"},"sameAs":["https:\/\/www.facebook.com\/English.in.Ischl","https:\/\/www.linkedin.com\/in\/salzkammergutenglish\/"]}]}},"_links":{"self":[{"href":"https:\/\/salzkammergutenglish.at\/de\/wp-json\/wp\/v2\/pages\/724","targetHints":{"allow":["GET"]}}],"collection":[{"href":"https:\/\/salzkammergutenglish.at\/de\/wp-json\/wp\/v2\/pages"}],"about":[{"href":"https:\/\/salzkammergutenglish.at\/de\/wp-json\/wp\/v2\/types\/page"}],"author":[{"embeddable":true,"href":"https:\/\/salzkammergutenglish.at\/de\/wp-json\/wp\/v2\/users\/1"}],"replies":[{"embeddable":true,"href":"https:\/\/salzkammergutenglish.at\/de\/wp-json\/wp\/v2\/comments?post=724"}],"version-history":[{"count":6,"href":"https:\/\/salzkammergutenglish.at\/de\/wp-json\/wp\/v2\/pages\/724\/revisions"}],"predecessor-version":[{"id":1153,"href":"https:\/\/salzkammergutenglish.at\/de\/wp-json\/wp\/v2\/pages\/724\/revisions\/1153"}],"wp:attachment":[{"href":"https:\/\/salzkammergutenglish.at\/de\/wp-json\/wp\/v2\/media?parent=724"}],"curies":[{"name":"wp","href":"https:\/\/api.w.org\/{rel}","templated":true}]}}