{"id":730,"date":"2021-04-19T19:08:37","date_gmt":"2021-04-19T18:08:37","guid":{"rendered":"https:\/\/salzkammergutenglish.at\/?page_id=730"},"modified":"2026-03-06T07:26:27","modified_gmt":"2026-03-06T07:26:27","slug":"english-play-and-learn-de","status":"publish","type":"page","link":"https:\/\/salzkammergutenglish.at\/de\/english-play-and-learn-de\/","title":{"rendered":"English Play and Learn Babymusikkurs"},"content":{"rendered":"\n<h3 class=\"wp-block-heading\">Das Fr\u00fchjahrs-\/Sommerprogramm ist in vollem Gange! Sommerkursblock April\u2013Juni 2026<\/h3>\n\n\n\n<p>Das Leben mit kleinen Kindern kann dazu f\u00fchren, dass du die Gemeinschaft und Struktur vermisst, die deine Wochen vor der Elternschaft hatten. Au\u00dferdem macht es Spa\u00df, Sprachen zu lernen, auch wenn man noch sehr, sehr klein ist. Deshalb habe ich im Jahr 2021 einen englischsprachigen Musikkurs f\u00fcr Babys und Kleinkinder im Salzkammergut begonnen.<\/p>\n\n\n\n<figure class=\"wp-block-image size-large\"><a href=\"https:\/\/salzkammergutenglish.at\/wp-content\/uploads\/2024\/11\/EPL-banner-1-scaled.jpg\"><img loading=\"lazy\" decoding=\"async\" width=\"1024\" height=\"452\" src=\"https:\/\/salzkammergutenglish.at\/wp-content\/uploads\/2024\/11\/EPL-banner-1-1024x452.jpg\" alt=\"\" class=\"wp-image-1190\" srcset=\"https:\/\/salzkammergutenglish.at\/wp-content\/uploads\/2024\/11\/EPL-banner-1-1024x452.jpg 1024w, https:\/\/salzkammergutenglish.at\/wp-content\/uploads\/2024\/11\/EPL-banner-1-300x132.jpg 300w, https:\/\/salzkammergutenglish.at\/wp-content\/uploads\/2024\/11\/EPL-banner-1-768x339.jpg 768w, https:\/\/salzkammergutenglish.at\/wp-content\/uploads\/2024\/11\/EPL-banner-1-1536x678.jpg 1536w, https:\/\/salzkammergutenglish.at\/wp-content\/uploads\/2024\/11\/EPL-banner-1-2048x904.jpg 2048w, https:\/\/salzkammergutenglish.at\/wp-content\/uploads\/2024\/11\/EPL-banner-1-700x309.jpg 700w\" sizes=\"auto, (max-width: 1024px) 100vw, 1024px\" \/><\/a><\/figure>\n\n\n\n<p><strong>Ein Kurs, der die Kleinsten an ihre ersten W\u00f6rter und Laute in Englisch heranf\u00fchren soll, wobei der Schwerpunkt auf Bindung und Entdeckung liegt.<\/strong><\/p>\n\n\n\n<p>In diesem Kurs lernen die Kleinsten die ersten W\u00f6rter und Ger\u00e4usche auf Englisch kennen, wobei der Schwerpunkt auf Bindung und Entdeckung liegt.<\/p>\n\n\n\n<p>Jeder Baby-Musikkurs beginnt mit einer Reihe von klassischen englischen Kinderliedern, die mit Spielzeug, Musikinstrumenten und vielen Gelegenheiten zum Kuscheln und Kitzeln erg\u00e4nzt werden.<\/p>\n\n\n\n<p>Dann f\u00fchren wir &#8222;Baby-Sensorik&#8220;-Elemente ein, die die Kleinen erforschen k\u00f6nnen: Farben, Texturen, Ger\u00e4usche, Lichter und die Begegnung mit ihrer eigenen Reflexion im Spiegel. Diese Sinnesspiele wechseln mit den Jahreszeiten und wir lernen neue Lieder, die zu jedem neuen Thema passen.<\/p>\n\n\n\n<p>Zum Schluss lassen wir den Tag mit ein paar Kuschelliedern ausklingen und verabschieden uns bis zur n\u00e4chsten Woche.<\/p>\n\n\n\n<p>Au\u00dferdem machen wir in der Mitte jeder Stunde eine Pause, damit die Erwachsenen sich entspannen und miteinander reden k\u00f6nnen. Die ersten Tage k\u00f6nnen anstrengend sein (ich wei\u00df das &#8211; ich habe selbst drei kleine Kinder zu Hause)!<\/p>\n\n\n\n<h3 class=\"wp-block-heading\">F\u00fcr aktuelle Informationen und Neuigkeiten \u00fcber neue Kurse, folge uns auf <a href=\"https:\/\/www.facebook.com\/English.in.Ischl\">Facebook<\/a>.<\/h3>\n\n\n\n<h3 class=\"wp-block-heading\">W\u00fcrdest du gerne mitmachen? <a href=\"https:\/\/salzkammergutenglish.at\/de\/kontakt\/\">Schicke mir eine Nachricht<\/a>, oder ruf mich unter 0680 154 2374 an.<\/h3>\n\n\n\n<p>Und NEU: Schau dir an, was wir in <a href=\"https:\/\/englishplayandlearn.picflow.com\/t07939Y5H7f4myCN\">unserer Galerie<\/a> gemacht haben.<\/p>\n","protected":false},"excerpt":{"rendered":"<p>Das Fr\u00fchjahrs-\/Sommerprogramm ist in vollem Gange! Sommerkursblock April\u2013Juni 2026 Das Leben mit kleinen Kindern kann dazu f\u00fchren, dass du die Gemeinschaft und Struktur vermisst, die deine Wochen vor der Elternschaft hatten. Au\u00dferdem macht es Spa\u00df,&#8230;<\/p>\n","protected":false},"author":1,"featured_media":0,"parent":0,"menu_order":0,"comment_status":"closed","ping_status":"closed","template":"","meta":{"_monsterinsights_skip_tracking":false,"_monsterinsights_sitenote_active":false,"_monsterinsights_sitenote_note":"","_monsterinsights_sitenote_category":0,"footnotes":""},"class_list":["post-730","page","type-page","status-publish","hentry"],"yoast_head":"<!-- This site is optimized with the Yoast SEO plugin v27.2 - https:\/\/yoast.com\/product\/yoast-seo-wordpress\/ -->\n<title>Englischkurs f\u00fcr Kinder in Bad Ischl - English Play and Learn<\/title>\n<meta name=\"description\" content=\"Baby-Musikkurs in Bad Ischl. Babytreff f\u00fcr Familien mit Kindern von 0-3 Jahren mit Musik, Kaffee, und &quot;Baby-Sensorik&quot; f\u00fcr Entwicklung und Bindung.\" \/>\n<meta name=\"robots\" content=\"index, follow, max-snippet:-1, max-image-preview:large, max-video-preview:-1\" \/>\n<link rel=\"canonical\" href=\"https:\/\/salzkammergutenglish.at\/de\/english-play-and-learn-de\/\" \/>\n<meta property=\"og:locale\" content=\"de_DE\" \/>\n<meta property=\"og:type\" content=\"article\" \/>\n<meta property=\"og:title\" content=\"Englischkurs f\u00fcr Kinder in Bad Ischl - English Play and Learn\" \/>\n<meta property=\"og:description\" content=\"Baby-Musikkurs in Bad Ischl. Babytreff f\u00fcr Familien mit Kindern von 0-3 Jahren mit Musik, Kaffee, und &quot;Baby-Sensorik&quot; f\u00fcr Entwicklung und Bindung.\" \/>\n<meta property=\"og:url\" content=\"https:\/\/salzkammergutenglish.at\/de\/english-play-and-learn-de\/\" \/>\n<meta property=\"og:site_name\" content=\"Salzkammergut English\" \/>\n<meta property=\"article:publisher\" content=\"https:\/\/www.facebook.com\/English.in.Ischl\" \/>\n<meta property=\"article:modified_time\" content=\"2026-03-06T07:26:27+00:00\" \/>\n<meta property=\"og:image\" content=\"https:\/\/salzkammergutenglish.at\/wp-content\/uploads\/2024\/11\/EPL-banner-1-1024x452.jpg\" \/>\n<meta name=\"twitter:label1\" content=\"Gesch\u00e4tzte Lesezeit\" \/>\n\t<meta name=\"twitter:data1\" content=\"2\u00a0Minuten\" \/>\n<script type=\"application\/ld+json\" class=\"yoast-schema-graph\">{\"@context\":\"https:\/\/schema.org\",\"@graph\":[{\"@type\":\"WebPage\",\"@id\":\"https:\/\/salzkammergutenglish.at\/de\/english-play-and-learn-de\/\",\"url\":\"https:\/\/salzkammergutenglish.at\/de\/english-play-and-learn-de\/\",\"name\":\"Englischkurs f\u00fcr Kinder in Bad Ischl - English Play and Learn\",\"isPartOf\":{\"@id\":\"https:\/\/salzkammergutenglish.at\/de\/#website\"},\"primaryImageOfPage\":{\"@id\":\"https:\/\/salzkammergutenglish.at\/de\/english-play-and-learn-de\/#primaryimage\"},\"image\":{\"@id\":\"https:\/\/salzkammergutenglish.at\/de\/english-play-and-learn-de\/#primaryimage\"},\"thumbnailUrl\":\"https:\/\/salzkammergutenglish.at\/wp-content\/uploads\/2024\/11\/EPL-banner-1-1024x452.jpg\",\"datePublished\":\"2021-04-19T18:08:37+00:00\",\"dateModified\":\"2026-03-06T07:26:27+00:00\",\"description\":\"Baby-Musikkurs in Bad Ischl. Babytreff f\u00fcr Familien mit Kindern von 0-3 Jahren mit Musik, Kaffee, und \\\"Baby-Sensorik\\\" f\u00fcr Entwicklung und Bindung.\",\"breadcrumb\":{\"@id\":\"https:\/\/salzkammergutenglish.at\/de\/english-play-and-learn-de\/#breadcrumb\"},\"inLanguage\":\"de\",\"potentialAction\":[{\"@type\":\"ReadAction\",\"target\":[\"https:\/\/salzkammergutenglish.at\/de\/english-play-and-learn-de\/\"]}]},{\"@type\":\"ImageObject\",\"inLanguage\":\"de\",\"@id\":\"https:\/\/salzkammergutenglish.at\/de\/english-play-and-learn-de\/#primaryimage\",\"url\":\"https:\/\/salzkammergutenglish.at\/wp-content\/uploads\/2024\/11\/EPL-banner-1-1024x452.jpg\",\"contentUrl\":\"https:\/\/salzkammergutenglish.at\/wp-content\/uploads\/2024\/11\/EPL-banner-1-1024x452.jpg\"},{\"@type\":\"BreadcrumbList\",\"@id\":\"https:\/\/salzkammergutenglish.at\/de\/english-play-and-learn-de\/#breadcrumb\",\"itemListElement\":[{\"@type\":\"ListItem\",\"position\":1,\"name\":\"Home\",\"item\":\"https:\/\/salzkammergutenglish.at\/de\/\"},{\"@type\":\"ListItem\",\"position\":2,\"name\":\"English Play and Learn Babymusikkurs\"}]},{\"@type\":\"WebSite\",\"@id\":\"https:\/\/salzkammergutenglish.at\/de\/#website\",\"url\":\"https:\/\/salzkammergutenglish.at\/de\/\",\"name\":\"Salzkammergut English\",\"description\":\"Professional content writing, editing, and tutoring in English\",\"publisher\":{\"@id\":\"https:\/\/salzkammergutenglish.at\/de\/#\/schema\/person\/9a9c9ad5958f99338b4ac9ab4c682d84\"},\"potentialAction\":[{\"@type\":\"SearchAction\",\"target\":{\"@type\":\"EntryPoint\",\"urlTemplate\":\"https:\/\/salzkammergutenglish.at\/de\/?s={search_term_string}\"},\"query-input\":{\"@type\":\"PropertyValueSpecification\",\"valueRequired\":true,\"valueName\":\"search_term_string\"}}],\"inLanguage\":\"de\"},{\"@type\":[\"Person\",\"Organization\"],\"@id\":\"https:\/\/salzkammergutenglish.at\/de\/#\/schema\/person\/9a9c9ad5958f99338b4ac9ab4c682d84\",\"name\":\"mairibunce\",\"image\":{\"@type\":\"ImageObject\",\"inLanguage\":\"de\",\"@id\":\"https:\/\/salzkammergutenglish.at\/wp-content\/uploads\/2021\/02\/cropped-logo.png\",\"url\":\"https:\/\/salzkammergutenglish.at\/wp-content\/uploads\/2021\/02\/cropped-logo.png\",\"contentUrl\":\"https:\/\/salzkammergutenglish.at\/wp-content\/uploads\/2021\/02\/cropped-logo.png\",\"width\":2602,\"height\":592,\"caption\":\"mairibunce\"},\"logo\":{\"@id\":\"https:\/\/salzkammergutenglish.at\/wp-content\/uploads\/2021\/02\/cropped-logo.png\"},\"sameAs\":[\"https:\/\/www.facebook.com\/English.in.Ischl\",\"https:\/\/www.linkedin.com\/in\/salzkammergutenglish\/\"]}]}<\/script>\n<!-- \/ Yoast SEO plugin. -->","yoast_head_json":{"title":"Englischkurs f\u00fcr Kinder in Bad Ischl - English Play and Learn","description":"Baby-Musikkurs in Bad Ischl. Babytreff f\u00fcr Familien mit Kindern von 0-3 Jahren mit Musik, Kaffee, und \"Baby-Sensorik\" f\u00fcr Entwicklung und Bindung.","robots":{"index":"index","follow":"follow","max-snippet":"max-snippet:-1","max-image-preview":"max-image-preview:large","max-video-preview":"max-video-preview:-1"},"canonical":"https:\/\/salzkammergutenglish.at\/de\/english-play-and-learn-de\/","og_locale":"de_DE","og_type":"article","og_title":"Englischkurs f\u00fcr Kinder in Bad Ischl - English Play and Learn","og_description":"Baby-Musikkurs in Bad Ischl. Babytreff f\u00fcr Familien mit Kindern von 0-3 Jahren mit Musik, Kaffee, und \"Baby-Sensorik\" f\u00fcr Entwicklung und Bindung.","og_url":"https:\/\/salzkammergutenglish.at\/de\/english-play-and-learn-de\/","og_site_name":"Salzkammergut English","article_publisher":"https:\/\/www.facebook.com\/English.in.Ischl","article_modified_time":"2026-03-06T07:26:27+00:00","og_image":[{"url":"https:\/\/salzkammergutenglish.at\/wp-content\/uploads\/2024\/11\/EPL-banner-1-1024x452.jpg","type":"","width":"","height":""}],"twitter_misc":{"Gesch\u00e4tzte Lesezeit":"2\u00a0Minuten"},"schema":{"@context":"https:\/\/schema.org","@graph":[{"@type":"WebPage","@id":"https:\/\/salzkammergutenglish.at\/de\/english-play-and-learn-de\/","url":"https:\/\/salzkammergutenglish.at\/de\/english-play-and-learn-de\/","name":"Englischkurs f\u00fcr Kinder in Bad Ischl - English Play and Learn","isPartOf":{"@id":"https:\/\/salzkammergutenglish.at\/de\/#website"},"primaryImageOfPage":{"@id":"https:\/\/salzkammergutenglish.at\/de\/english-play-and-learn-de\/#primaryimage"},"image":{"@id":"https:\/\/salzkammergutenglish.at\/de\/english-play-and-learn-de\/#primaryimage"},"thumbnailUrl":"https:\/\/salzkammergutenglish.at\/wp-content\/uploads\/2024\/11\/EPL-banner-1-1024x452.jpg","datePublished":"2021-04-19T18:08:37+00:00","dateModified":"2026-03-06T07:26:27+00:00","description":"Baby-Musikkurs in Bad Ischl. Babytreff f\u00fcr Familien mit Kindern von 0-3 Jahren mit Musik, Kaffee, und \"Baby-Sensorik\" f\u00fcr Entwicklung und Bindung.","breadcrumb":{"@id":"https:\/\/salzkammergutenglish.at\/de\/english-play-and-learn-de\/#breadcrumb"},"inLanguage":"de","potentialAction":[{"@type":"ReadAction","target":["https:\/\/salzkammergutenglish.at\/de\/english-play-and-learn-de\/"]}]},{"@type":"ImageObject","inLanguage":"de","@id":"https:\/\/salzkammergutenglish.at\/de\/english-play-and-learn-de\/#primaryimage","url":"https:\/\/salzkammergutenglish.at\/wp-content\/uploads\/2024\/11\/EPL-banner-1-1024x452.jpg","contentUrl":"https:\/\/salzkammergutenglish.at\/wp-content\/uploads\/2024\/11\/EPL-banner-1-1024x452.jpg"},{"@type":"BreadcrumbList","@id":"https:\/\/salzkammergutenglish.at\/de\/english-play-and-learn-de\/#breadcrumb","itemListElement":[{"@type":"ListItem","position":1,"name":"Home","item":"https:\/\/salzkammergutenglish.at\/de\/"},{"@type":"ListItem","position":2,"name":"English Play and Learn Babymusikkurs"}]},{"@type":"WebSite","@id":"https:\/\/salzkammergutenglish.at\/de\/#website","url":"https:\/\/salzkammergutenglish.at\/de\/","name":"Salzkammergut English","description":"Professional content writing, editing, and tutoring in English","publisher":{"@id":"https:\/\/salzkammergutenglish.at\/de\/#\/schema\/person\/9a9c9ad5958f99338b4ac9ab4c682d84"},"potentialAction":[{"@type":"SearchAction","target":{"@type":"EntryPoint","urlTemplate":"https:\/\/salzkammergutenglish.at\/de\/?s={search_term_string}"},"query-input":{"@type":"PropertyValueSpecification","valueRequired":true,"valueName":"search_term_string"}}],"inLanguage":"de"},{"@type":["Person","Organization"],"@id":"https:\/\/salzkammergutenglish.at\/de\/#\/schema\/person\/9a9c9ad5958f99338b4ac9ab4c682d84","name":"mairibunce","image":{"@type":"ImageObject","inLanguage":"de","@id":"https:\/\/salzkammergutenglish.at\/wp-content\/uploads\/2021\/02\/cropped-logo.png","url":"https:\/\/salzkammergutenglish.at\/wp-content\/uploads\/2021\/02\/cropped-logo.png","contentUrl":"https:\/\/salzkammergutenglish.at\/wp-content\/uploads\/2021\/02\/cropped-logo.png","width":2602,"height":592,"caption":"mairibunce"},"logo":{"@id":"https:\/\/salzkammergutenglish.at\/wp-content\/uploads\/2021\/02\/cropped-logo.png"},"sameAs":["https:\/\/www.facebook.com\/English.in.Ischl","https:\/\/www.linkedin.com\/in\/salzkammergutenglish\/"]}]}},"_links":{"self":[{"href":"https:\/\/salzkammergutenglish.at\/de\/wp-json\/wp\/v2\/pages\/730","targetHints":{"allow":["GET"]}}],"collection":[{"href":"https:\/\/salzkammergutenglish.at\/de\/wp-json\/wp\/v2\/pages"}],"about":[{"href":"https:\/\/salzkammergutenglish.at\/de\/wp-json\/wp\/v2\/types\/page"}],"author":[{"embeddable":true,"href":"https:\/\/salzkammergutenglish.at\/de\/wp-json\/wp\/v2\/users\/1"}],"replies":[{"embeddable":true,"href":"https:\/\/salzkammergutenglish.at\/de\/wp-json\/wp\/v2\/comments?post=730"}],"version-history":[{"count":23,"href":"https:\/\/salzkammergutenglish.at\/de\/wp-json\/wp\/v2\/pages\/730\/revisions"}],"predecessor-version":[{"id":1210,"href":"https:\/\/salzkammergutenglish.at\/de\/wp-json\/wp\/v2\/pages\/730\/revisions\/1210"}],"wp:attachment":[{"href":"https:\/\/salzkammergutenglish.at\/de\/wp-json\/wp\/v2\/media?parent=730"}],"curies":[{"name":"wp","href":"https:\/\/api.w.org\/{rel}","templated":true}]}}