{"id":734,"date":"2021-04-19T19:12:02","date_gmt":"2021-04-19T18:12:02","guid":{"rendered":"https:\/\/salzkammergutenglish.at\/?page_id=734"},"modified":"2021-04-20T10:35:56","modified_gmt":"2021-04-20T09:35:56","slug":"nachhilfe","status":"publish","type":"page","link":"https:\/\/salzkammergutenglish.at\/de\/nachhilfe\/","title":{"rendered":"Nachhilfe"},"content":{"rendered":"\n<h2 class=\"wp-block-heading\"><strong>Geduldig, erfahren, neugierig, freundlich &#8211; Mairi Bunce ist eine muttersprachliche Englisch-Lehrerin in Bad Ischl und dem Salzkammergut<\/strong><\/h2>\n\n\n\n<p>Viele Lehrer sagen, dass sie mit allen Altersgruppen gearbeitet haben. Bei mir ist das wirklich der Fall.<\/p>\n\n\n\n<p>Einer meiner ersten Jobs als Englisch-Muttersprachlerin in \u00d6sterreich war die Assistenz in einer Kinderkrippe. Seitdem habe ich mit Kindern von der Vorschule bis zur Matura gearbeitet und war in Kinderg\u00e4rten, Gymnasien und H\u00f6heren Technischen Lehranstalten angestellt. Ich habe au\u00dferdem Erwachsenen geholfen, die ihr Englisch f\u00fcr die fachlichen Qualifikationen, den Beruf oder einfach zum Spa\u00df verbessern wollen.<\/p>\n\n\n\n<p>Ich besitze ein Diplom in englischer Literatur und ein CELTA (Certificate of English Language Teaching for Adults). Ich habe f\u00fcr den British Council als Sprachassistentin gearbeitet. Besonders hervorzuheben ist, dass ich bereits \u00fcber eine siebenj\u00e4hrige Lehrerfahrung verf\u00fcge.<\/p>\n\n\n\n<p>Im Moment arbeite ich als Englischlehrerin in Bad Ischl. Wenn Sie weiter weg wohnen oder lieber zu Hause bleiben m\u00f6chten, unterrichte ich auch online \u00fcber Zoom und Skype. Alle meine Klassen sind interaktiv, kreativ und machen Spa\u00df. Das ist der beste Weg, um sicherzustellen, dass Sie das Gelernte auch wirklich verinnerlichen!<\/p>\n\n\n\n<p>Klicken Sie auf meine <a href=\"https:\/\/salzkammergutenglish.at\/contact-me\/\" target=\"_blank\" rel=\"noreferrer noopener\">Kontaktdaten<\/a>, um ein erstes Treffen zu vereinbaren oder um mehr zu erfahren. Und wenn Sie mich erst einmal kennenlernen m\u00f6chten, sehen Sie hier ein Beispiel, wie ein Teil unserer ersten Unterrichtsstunde aussehen k\u00f6nnte:<\/p>\n\n\n\n<figure class=\"wp-block-embed is-type-video is-provider-youtube wp-block-embed-youtube wp-embed-aspect-16-9 wp-has-aspect-ratio\"><div class=\"wp-block-embed__wrapper\">\n<iframe loading=\"lazy\" title=\"Introduction Game - Two Truths and a Lie\" width=\"700\" height=\"394\" src=\"https:\/\/www.youtube.com\/embed\/-YXXd3i6yL0?feature=oembed\" frameborder=\"0\" allow=\"accelerometer; autoplay; clipboard-write; encrypted-media; gyroscope; picture-in-picture\" allowfullscreen><\/iframe>\n<\/div><\/figure>\n","protected":false},"excerpt":{"rendered":"<p>Geduldig, erfahren, neugierig, freundlich &#8211; Mairi Bunce ist eine muttersprachliche Englisch-Lehrerin in Bad Ischl und dem Salzkammergut Viele Lehrer sagen, dass sie mit allen Altersgruppen gearbeitet haben. Bei mir ist das wirklich der Fall. Einer&#8230;<\/p>\n","protected":false},"author":1,"featured_media":771,"parent":0,"menu_order":0,"comment_status":"closed","ping_status":"closed","template":"","meta":{"_monsterinsights_skip_tracking":false,"_monsterinsights_sitenote_active":false,"_monsterinsights_sitenote_note":"","_monsterinsights_sitenote_category":0,"footnotes":""},"class_list":["post-734","page","type-page","status-publish","has-post-thumbnail","hentry"],"yoast_head":"<!-- This site is optimized with the Yoast SEO plugin v27.2 - https:\/\/yoast.com\/product\/yoast-seo-wordpress\/ -->\n<title>Nachhilfe - Salzkammergut English<\/title>\n<meta name=\"description\" content=\"English Nachhilfe in Bad Ischl Salzkammergut. Mairi Bunce MA CELTA, Britische Native Speakerin. Nachhilfe alle Stufen.\" \/>\n<meta name=\"robots\" content=\"index, follow, max-snippet:-1, max-image-preview:large, max-video-preview:-1\" \/>\n<link rel=\"canonical\" href=\"https:\/\/salzkammergutenglish.at\/de\/nachhilfe\/\" \/>\n<meta property=\"og:locale\" content=\"de_DE\" \/>\n<meta property=\"og:type\" content=\"article\" \/>\n<meta property=\"og:title\" content=\"Nachhilfe - Salzkammergut English\" \/>\n<meta property=\"og:description\" content=\"English Nachhilfe in Bad Ischl Salzkammergut. Mairi Bunce MA CELTA, Britische Native Speakerin. Nachhilfe alle Stufen.\" \/>\n<meta property=\"og:url\" content=\"https:\/\/salzkammergutenglish.at\/de\/nachhilfe\/\" \/>\n<meta property=\"og:site_name\" content=\"Salzkammergut English\" \/>\n<meta property=\"article:publisher\" content=\"https:\/\/www.facebook.com\/English.in.Ischl\" \/>\n<meta property=\"article:modified_time\" content=\"2021-04-20T09:35:56+00:00\" \/>\n<meta property=\"og:image\" content=\"https:\/\/salzkammergutenglish.at\/wp-content\/uploads\/2021\/04\/olia-gozha-h2QUaIqhK64-unsplash-scaled.jpg\" \/>\n\t<meta property=\"og:image:width\" content=\"2560\" \/>\n\t<meta property=\"og:image:height\" content=\"1700\" \/>\n\t<meta property=\"og:image:type\" content=\"image\/jpeg\" \/>\n<meta name=\"twitter:label1\" content=\"Gesch\u00e4tzte Lesezeit\" \/>\n\t<meta name=\"twitter:data1\" content=\"1\u00a0Minute\" \/>\n<script type=\"application\/ld+json\" class=\"yoast-schema-graph\">{\"@context\":\"https:\/\/schema.org\",\"@graph\":[{\"@type\":\"WebPage\",\"@id\":\"https:\/\/salzkammergutenglish.at\/de\/nachhilfe\/\",\"url\":\"https:\/\/salzkammergutenglish.at\/de\/nachhilfe\/\",\"name\":\"Nachhilfe - Salzkammergut English\",\"isPartOf\":{\"@id\":\"https:\/\/salzkammergutenglish.at\/de\/#website\"},\"primaryImageOfPage\":{\"@id\":\"https:\/\/salzkammergutenglish.at\/de\/nachhilfe\/#primaryimage\"},\"image\":{\"@id\":\"https:\/\/salzkammergutenglish.at\/de\/nachhilfe\/#primaryimage\"},\"thumbnailUrl\":\"https:\/\/salzkammergutenglish.at\/wp-content\/uploads\/2021\/04\/olia-gozha-h2QUaIqhK64-unsplash-scaled.jpg\",\"datePublished\":\"2021-04-19T18:12:02+00:00\",\"dateModified\":\"2021-04-20T09:35:56+00:00\",\"description\":\"English Nachhilfe in Bad Ischl Salzkammergut. Mairi Bunce MA CELTA, Britische Native Speakerin. Nachhilfe alle Stufen.\",\"breadcrumb\":{\"@id\":\"https:\/\/salzkammergutenglish.at\/de\/nachhilfe\/#breadcrumb\"},\"inLanguage\":\"de\",\"potentialAction\":[{\"@type\":\"ReadAction\",\"target\":[\"https:\/\/salzkammergutenglish.at\/de\/nachhilfe\/\"]}]},{\"@type\":\"ImageObject\",\"inLanguage\":\"de\",\"@id\":\"https:\/\/salzkammergutenglish.at\/de\/nachhilfe\/#primaryimage\",\"url\":\"https:\/\/salzkammergutenglish.at\/wp-content\/uploads\/2021\/04\/olia-gozha-h2QUaIqhK64-unsplash-scaled.jpg\",\"contentUrl\":\"https:\/\/salzkammergutenglish.at\/wp-content\/uploads\/2021\/04\/olia-gozha-h2QUaIqhK64-unsplash-scaled.jpg\",\"width\":2560,\"height\":1700},{\"@type\":\"BreadcrumbList\",\"@id\":\"https:\/\/salzkammergutenglish.at\/de\/nachhilfe\/#breadcrumb\",\"itemListElement\":[{\"@type\":\"ListItem\",\"position\":1,\"name\":\"Home\",\"item\":\"https:\/\/salzkammergutenglish.at\/de\/\"},{\"@type\":\"ListItem\",\"position\":2,\"name\":\"Nachhilfe\"}]},{\"@type\":\"WebSite\",\"@id\":\"https:\/\/salzkammergutenglish.at\/de\/#website\",\"url\":\"https:\/\/salzkammergutenglish.at\/de\/\",\"name\":\"Salzkammergut English\",\"description\":\"Professional content writing, editing, and tutoring in English\",\"publisher\":{\"@id\":\"https:\/\/salzkammergutenglish.at\/de\/#\/schema\/person\/9a9c9ad5958f99338b4ac9ab4c682d84\"},\"potentialAction\":[{\"@type\":\"SearchAction\",\"target\":{\"@type\":\"EntryPoint\",\"urlTemplate\":\"https:\/\/salzkammergutenglish.at\/de\/?s={search_term_string}\"},\"query-input\":{\"@type\":\"PropertyValueSpecification\",\"valueRequired\":true,\"valueName\":\"search_term_string\"}}],\"inLanguage\":\"de\"},{\"@type\":[\"Person\",\"Organization\"],\"@id\":\"https:\/\/salzkammergutenglish.at\/de\/#\/schema\/person\/9a9c9ad5958f99338b4ac9ab4c682d84\",\"name\":\"mairibunce\",\"image\":{\"@type\":\"ImageObject\",\"inLanguage\":\"de\",\"@id\":\"https:\/\/salzkammergutenglish.at\/wp-content\/uploads\/2021\/02\/cropped-logo.png\",\"url\":\"https:\/\/salzkammergutenglish.at\/wp-content\/uploads\/2021\/02\/cropped-logo.png\",\"contentUrl\":\"https:\/\/salzkammergutenglish.at\/wp-content\/uploads\/2021\/02\/cropped-logo.png\",\"width\":2602,\"height\":592,\"caption\":\"mairibunce\"},\"logo\":{\"@id\":\"https:\/\/salzkammergutenglish.at\/wp-content\/uploads\/2021\/02\/cropped-logo.png\"},\"sameAs\":[\"https:\/\/www.facebook.com\/English.in.Ischl\",\"https:\/\/www.linkedin.com\/in\/salzkammergutenglish\/\"]}]}<\/script>\n<!-- \/ Yoast SEO plugin. -->","yoast_head_json":{"title":"Nachhilfe - Salzkammergut English","description":"English Nachhilfe in Bad Ischl Salzkammergut. Mairi Bunce MA CELTA, Britische Native Speakerin. Nachhilfe alle Stufen.","robots":{"index":"index","follow":"follow","max-snippet":"max-snippet:-1","max-image-preview":"max-image-preview:large","max-video-preview":"max-video-preview:-1"},"canonical":"https:\/\/salzkammergutenglish.at\/de\/nachhilfe\/","og_locale":"de_DE","og_type":"article","og_title":"Nachhilfe - Salzkammergut English","og_description":"English Nachhilfe in Bad Ischl Salzkammergut. Mairi Bunce MA CELTA, Britische Native Speakerin. Nachhilfe alle Stufen.","og_url":"https:\/\/salzkammergutenglish.at\/de\/nachhilfe\/","og_site_name":"Salzkammergut English","article_publisher":"https:\/\/www.facebook.com\/English.in.Ischl","article_modified_time":"2021-04-20T09:35:56+00:00","og_image":[{"width":2560,"height":1700,"url":"https:\/\/salzkammergutenglish.at\/wp-content\/uploads\/2021\/04\/olia-gozha-h2QUaIqhK64-unsplash-scaled.jpg","type":"image\/jpeg"}],"twitter_misc":{"Gesch\u00e4tzte Lesezeit":"1\u00a0Minute"},"schema":{"@context":"https:\/\/schema.org","@graph":[{"@type":"WebPage","@id":"https:\/\/salzkammergutenglish.at\/de\/nachhilfe\/","url":"https:\/\/salzkammergutenglish.at\/de\/nachhilfe\/","name":"Nachhilfe - Salzkammergut English","isPartOf":{"@id":"https:\/\/salzkammergutenglish.at\/de\/#website"},"primaryImageOfPage":{"@id":"https:\/\/salzkammergutenglish.at\/de\/nachhilfe\/#primaryimage"},"image":{"@id":"https:\/\/salzkammergutenglish.at\/de\/nachhilfe\/#primaryimage"},"thumbnailUrl":"https:\/\/salzkammergutenglish.at\/wp-content\/uploads\/2021\/04\/olia-gozha-h2QUaIqhK64-unsplash-scaled.jpg","datePublished":"2021-04-19T18:12:02+00:00","dateModified":"2021-04-20T09:35:56+00:00","description":"English Nachhilfe in Bad Ischl Salzkammergut. Mairi Bunce MA CELTA, Britische Native Speakerin. Nachhilfe alle Stufen.","breadcrumb":{"@id":"https:\/\/salzkammergutenglish.at\/de\/nachhilfe\/#breadcrumb"},"inLanguage":"de","potentialAction":[{"@type":"ReadAction","target":["https:\/\/salzkammergutenglish.at\/de\/nachhilfe\/"]}]},{"@type":"ImageObject","inLanguage":"de","@id":"https:\/\/salzkammergutenglish.at\/de\/nachhilfe\/#primaryimage","url":"https:\/\/salzkammergutenglish.at\/wp-content\/uploads\/2021\/04\/olia-gozha-h2QUaIqhK64-unsplash-scaled.jpg","contentUrl":"https:\/\/salzkammergutenglish.at\/wp-content\/uploads\/2021\/04\/olia-gozha-h2QUaIqhK64-unsplash-scaled.jpg","width":2560,"height":1700},{"@type":"BreadcrumbList","@id":"https:\/\/salzkammergutenglish.at\/de\/nachhilfe\/#breadcrumb","itemListElement":[{"@type":"ListItem","position":1,"name":"Home","item":"https:\/\/salzkammergutenglish.at\/de\/"},{"@type":"ListItem","position":2,"name":"Nachhilfe"}]},{"@type":"WebSite","@id":"https:\/\/salzkammergutenglish.at\/de\/#website","url":"https:\/\/salzkammergutenglish.at\/de\/","name":"Salzkammergut English","description":"Professional content writing, editing, and tutoring in English","publisher":{"@id":"https:\/\/salzkammergutenglish.at\/de\/#\/schema\/person\/9a9c9ad5958f99338b4ac9ab4c682d84"},"potentialAction":[{"@type":"SearchAction","target":{"@type":"EntryPoint","urlTemplate":"https:\/\/salzkammergutenglish.at\/de\/?s={search_term_string}"},"query-input":{"@type":"PropertyValueSpecification","valueRequired":true,"valueName":"search_term_string"}}],"inLanguage":"de"},{"@type":["Person","Organization"],"@id":"https:\/\/salzkammergutenglish.at\/de\/#\/schema\/person\/9a9c9ad5958f99338b4ac9ab4c682d84","name":"mairibunce","image":{"@type":"ImageObject","inLanguage":"de","@id":"https:\/\/salzkammergutenglish.at\/wp-content\/uploads\/2021\/02\/cropped-logo.png","url":"https:\/\/salzkammergutenglish.at\/wp-content\/uploads\/2021\/02\/cropped-logo.png","contentUrl":"https:\/\/salzkammergutenglish.at\/wp-content\/uploads\/2021\/02\/cropped-logo.png","width":2602,"height":592,"caption":"mairibunce"},"logo":{"@id":"https:\/\/salzkammergutenglish.at\/wp-content\/uploads\/2021\/02\/cropped-logo.png"},"sameAs":["https:\/\/www.facebook.com\/English.in.Ischl","https:\/\/www.linkedin.com\/in\/salzkammergutenglish\/"]}]}},"_links":{"self":[{"href":"https:\/\/salzkammergutenglish.at\/de\/wp-json\/wp\/v2\/pages\/734","targetHints":{"allow":["GET"]}}],"collection":[{"href":"https:\/\/salzkammergutenglish.at\/de\/wp-json\/wp\/v2\/pages"}],"about":[{"href":"https:\/\/salzkammergutenglish.at\/de\/wp-json\/wp\/v2\/types\/page"}],"author":[{"embeddable":true,"href":"https:\/\/salzkammergutenglish.at\/de\/wp-json\/wp\/v2\/users\/1"}],"replies":[{"embeddable":true,"href":"https:\/\/salzkammergutenglish.at\/de\/wp-json\/wp\/v2\/comments?post=734"}],"version-history":[{"count":2,"href":"https:\/\/salzkammergutenglish.at\/de\/wp-json\/wp\/v2\/pages\/734\/revisions"}],"predecessor-version":[{"id":770,"href":"https:\/\/salzkammergutenglish.at\/de\/wp-json\/wp\/v2\/pages\/734\/revisions\/770"}],"wp:featuredmedia":[{"embeddable":true,"href":"https:\/\/salzkammergutenglish.at\/de\/wp-json\/wp\/v2\/media\/771"}],"wp:attachment":[{"href":"https:\/\/salzkammergutenglish.at\/de\/wp-json\/wp\/v2\/media?parent=734"}],"curies":[{"name":"wp","href":"https:\/\/api.w.org\/{rel}","templated":true}]}}