{"id":736,"date":"2021-04-19T19:14:03","date_gmt":"2021-04-19T18:14:03","guid":{"rendered":"https:\/\/salzkammergutenglish.at\/?page_id=736"},"modified":"2026-03-06T07:24:58","modified_gmt":"2026-03-06T07:24:58","slug":"portfolio","status":"publish","type":"page","link":"https:\/\/salzkammergutenglish.at\/de\/text-dienstleistungen\/portfolio\/","title":{"rendered":"Portfolio"},"content":{"rendered":"\n<blockquote class=\"wp-block-quote is-layout-flow wp-block-quote-is-layout-flow\">\n<p><em>Mairi has significantly enhanced the quality of my manuscript, turning it into a polished and engaging piece of work. Throughout the editing process, her professionalism and commitment to maintaining the authenticity of my voice have been evident. I am so grateful for her expertise and support, and I\u2019d like to think this is just the beginning of our collaboration.<\/em><\/p>\n<cite>Sam Graha, Autor von &#8218;True Love Loves Through&#8216;<\/cite><\/blockquote>\n\n\n\n<p>Nachstehend finden Sie eine beispielhafte Liste von Personen, Projekten und Organisationen, mit denen ich bereits zusammengearbeitet habe.<\/p>\n\n\n\n<figure class=\"wp-block-image size-large\"><a href=\"https:\/\/salzkammergutenglish.at\/wp-content\/uploads\/2024\/11\/Website-bookshelf-1-scaled.jpg\"><img loading=\"lazy\" decoding=\"async\" width=\"1024\" height=\"334\" src=\"https:\/\/salzkammergutenglish.at\/wp-content\/uploads\/2024\/11\/Website-bookshelf-1-1024x334.jpg\" alt=\"\" class=\"wp-image-1177\" srcset=\"https:\/\/salzkammergutenglish.at\/wp-content\/uploads\/2024\/11\/Website-bookshelf-1-1024x334.jpg 1024w, https:\/\/salzkammergutenglish.at\/wp-content\/uploads\/2024\/11\/Website-bookshelf-1-300x98.jpg 300w, https:\/\/salzkammergutenglish.at\/wp-content\/uploads\/2024\/11\/Website-bookshelf-1-768x251.jpg 768w, https:\/\/salzkammergutenglish.at\/wp-content\/uploads\/2024\/11\/Website-bookshelf-1-1536x501.jpg 1536w, https:\/\/salzkammergutenglish.at\/wp-content\/uploads\/2024\/11\/Website-bookshelf-1-2048x668.jpg 2048w, https:\/\/salzkammergutenglish.at\/wp-content\/uploads\/2024\/11\/Website-bookshelf-1-700x228.jpg 700w\" sizes=\"auto, (max-width: 1024px) 100vw, 1024px\" \/><\/a><\/figure>\n\n\n\n<h2 class=\"wp-block-heading\" id=\"block-e76d289c-7150-4ac5-83e3-1a1a1f608c10\">Content<\/h2>\n\n\n\n<h3 class=\"wp-block-heading\" id=\"block-79f79e7f-64bd-4365-8bb3-9b1b5ccd2610\">Seit 2019 schreibe ich Texte f\u00fcr . . . <\/h3>\n\n\n\n<p id=\"block-7a04616b-44fb-43bf-9d1b-b9a838f59942\"><a href=\"https:\/\/gbworldwide.org\/\">The Girls&#8216; Brigade International<\/a>, eine NGO, die sich f\u00fcr die Rechte und die St\u00e4rkung von Frauen und M\u00e4dchen weltweit einsetzt.<\/p>\n\n\n\n<p id=\"block-51b1072a-fe86-4fb0-838e-d716c3fb8f15\"><a href=\"https:\/\/www.projectvienna.at\/\">Project:Vienna<\/a>, ein Gap-Year-Programm und eine Bibelschule in der \u00f6sterreichischen Hauptstadt.<\/p>\n\n\n\n<p id=\"block-475d9ae4-13eb-4e56-8eb9-44a346a017a3\"><a href=\"https:\/\/www.plantssparkjoy.com\/fiddle-leaf-fig-propagation\/\">Plants Spark Joy<\/a>, ein Blog, der sich mit dem Anlegen und Pflegen von Fensterbankg\u00e4rten besch\u00e4ftigt.<\/p>\n\n\n\n<p id=\"block-d60ab00c-d0bd-4a8f-8e19-4365fee1476c\"><a href=\"https:\/\/shop.smallpetselect.com\/pages\/a-beginners-guide-to-raising-chickens\">Small Pet Select<\/a>, ein Online-Shop f\u00fcr hochwertigen Tierbedarf.<\/p>\n\n\n\n<p id=\"block-b4f0810c-cc6e-43e1-b977-7afacedb92e6\">Ich bin Teil von <a href=\"https:\/\/www.peanut-app.io\/blog\/6-months-pregnant\">Team Peanut<\/a>, eine Online-Ressource und Community rund um das Thema Elternschaft und Gesundheit.<\/p>\n\n\n\n<p id=\"block-864a595a-19f9-44ca-b1af-1f5b16bbba6c\">Und ich arbeite regelm\u00e4\u00dfig bei den Content-Agenturen <a href=\"https:\/\/www.growandconvert.com\/\">Grow and Convert<\/a> und <a href=\"https:\/\/www.kyocontent.com\/about\">KYO Digital<\/a> mit Kunden aus den Bereichen Gesundheit, SaaS und Finanz.<\/p>\n\n\n\n<h3 class=\"wp-block-heading\" id=\"block-e935ab34-cc8c-46d6-b2d2-1d3efd1ca356\">Ich wurde auch ver\u00f6ffentlicht in . . . <\/h3>\n\n\n\n<p id=\"block-b7b4ef0b-01a1-489e-939b-9fedcece8997\"><a href=\"https:\/\/www.potluckzine.co.uk\/post\/someone-else-s-christmas-cookies\">Potluck Zine<\/a> 2 und 4. Du teilst gerne Essen und hasst die Ungerechtigkeit der Lebensmittelarmut? Dann ist dieses Magazin genau das Richtige f\u00fcr dich.<\/p>\n\n\n\n<p id=\"block-d319d212-917f-46b2-af1c-11c6b35436f6\"><a href=\"https:\/\/www.britishinaustria.net\/my-corner-of-austria-mairi-bunce-in-bad-ischl-bezirk-gmunden-oberosterreich-2022-02-24\/?fbclid=IwAR26vKGlC3V4RXBBmhATVMMydYFoMzKzri_sheJTPaXHkTzvhesa76EH6SE\">British in Austria<\/a> f\u00fcr den Blog &#8222;My Corner of Austria&#8220;.<\/p>\n\n\n\n<p id=\"block-d109aad3-94a4-4d00-aeef-cc396eab20a1\">Das 2022 <a href=\"https:\/\/www.reasonstobecheerful.co.uk\/\">Reasons to be Cheerful<\/a> in dem ich dar\u00fcber geschrieben habe, dass die kleinen, ehrenamtlich gef\u00fchrten Bezirksmuseen in Wien das perfekte Mittel gegen Heimweh sind.<\/p>\n\n\n\n<h2 class=\"wp-block-heading\" id=\"block-7bfc6df7-61bd-42d1-91a1-ba8b2313c5ef\">Lektorat und Korrekturlesen<\/h2>\n\n\n\n<h3 class=\"wp-block-heading\" id=\"block-f3cdce7d-6dae-43dc-b86b-36c9ed9fde61\">Ich bearbeitete Website- und Marketinginhalte f\u00fcr \u2026<\/h3>\n\n\n\n<p id=\"block-5013673a-ad7e-4bec-b65f-472d8d2719d3\"><a href=\"https:\/\/sites.google.com\/view\/connectforel\/home\">FoRel<\/a>, ein Projekt zur Unterst\u00fctzung von Frauen in religi\u00f6sen F\u00fchrungspositionen<\/p>\n\n\n\n<h3 class=\"wp-block-heading\" id=\"block-978b9f72-29a8-4b4d-a249-928c2e7c8d2b\">Und ich arbeite mit B\u00fcchern . . .<\/h3>\n\n\n\n<blockquote class=\"wp-block-quote is-layout-flow wp-block-quote-is-layout-flow\">\n<p id=\"block-197d8f4f-9b14-4c9e-a0d5-990338c9b4ab\"><em>I highly recommend the editing services provided by Mairi. Her thoroughness and attention to detail are unparalleled, resulting in refined manuscripts that resonate with readers. Her professionalism and timely communication made the entire collaboration process seamless and enjoyable. Working with Mairi is an absolute pleasure, and I have continued collaborating with her on my other projects.<\/em><\/p>\n<cite>William H. Vass, Autor von &#8218;Contemplate Christ&#8217;s Beauty&#8216;<\/cite><\/blockquote>\n\n\n\n<p id=\"block-45438c44-174c-430a-a99e-960d194d40dc\">F\u00fcr diese fantastischen B\u00fccher habe ich Lektorats- oder Korrekturlesedienste geleistet:<\/p>\n\n\n\n<p><a href=\"https:\/\/spckpublishing.co.uk\/into-the-heart-of-isaiah\">Into the Heart of Isaiah: The meaning and message of Isaiah 40\u201355<\/a> \u2013&nbsp;N. T. Wright (SPCK, 2026).<\/p>\n\n\n\n<p><a href=\"https:\/\/ivpbooks.com\/blessed-are-the-neurodivergent-86\">Blessed Are the Neurodivergent: Embracing neurodiversity as a reflection of God&#8217;s creativity within the church<\/a> \u2013&nbsp;Sophie Killingley (IVP, 2026).<\/p>\n\n\n\n<p><a href=\"https:\/\/ivpbooks.com\/the-integrity-fix\">The Integrity Fix: The simple yet surprising path to spiritual and societal renewal<\/a> \u2013&nbsp;Jago Wynne (IVP, 2026).<\/p>\n\n\n\n<p><a href=\"https:\/\/ivpbooks.com\/powerhouse-275\">Powerhouse: Equipped to minister in the power of the Holy Spirit<\/a> \u2013&nbsp;Nick and Ali Herbert (IVP, 2026). <\/p>\n\n\n\n<p><a href=\"https:\/\/cailleachs-herbarium.com\/sample-page\/shop\/book\/mill-dust-and-dreaming-bread-limited-special-edition\/?srsltid=AfmBOop_FoXzgBBgBsybDSvpacN7sSXRoWTmG0jziy02RMROsB2k0Xqf\">Mill Dust and Dreaming Bread: Exploring Scottish folk belief and folk magic<\/a> \u2013&nbsp;Scott Richardson-Read (Cailleach&#8217;s Herbrarium Publishing House, 2025). <\/p>\n\n\n\n<p>An Autistic Life: A proud victim of hope \u2013&nbsp;Melvin R. Rodgers II (Independently published, 2025).<\/p>\n\n\n\n<p><a href=\"https:\/\/spckpublishing.co.uk\/meeting-god-in-john\">Meeting God in John: Inspiration and encouragement from the fourth gospel<\/a> \u2013&nbsp;David F. Ford (SPCK, 2025).<\/p>\n\n\n\n<p><a href=\"https:\/\/spckpublishing.co.uk\/giver-of-life\">Giver of Life: The Holy Spirit in the Creed and in the Christian life today<\/a> \u2013&nbsp;Jane Williams (SPCK, 2025). <\/p>\n\n\n\n<p><a href=\"https:\/\/spckpublishing.co.uk\/wild-bright-hope-225\">Wild Bright Hope: The Big Church Read Lent book for 2025<\/a> (SPCK, 2025).<\/p>\n\n\n\n<p><a href=\"https:\/\/www.bloomsbury.com\/uk\/future-of-new-testament-studies-9780567718051\/\">The Future of New Testament Studies: Historical contexts and contemporary relevance<\/a> \u2013&nbsp;Clarissa Breu (T&amp;T Clark, 2025).<\/p>\n\n\n\n<p><a href=\"https:\/\/ivpbooks.com\/vital-signs\">Vital Signs: 20 ways to put whole-life discipleship at the heart of your church<\/a> \u2013 Ken Benjamin (IVP, 2024).<\/p>\n\n\n\n<p><a href=\"https:\/\/spckpublishing.co.uk\/living-his-story-together-848\">Living His Story Together: Being a community of missionary disciples<\/a> \u2013 Hannah Steele (SPCK, 2024). <\/p>\n\n\n\n<p><a href=\"https:\/\/www.amazon.com\/True-Love-Loves-Through-rediscovering-ebook\/dp\/B0D13HVZ1F\/ref=sr_1_1?crid=T8M2CVQTVDT4&amp;dib=eyJ2IjoiMSJ9.YYjuS57vXsMYy4aXlpPP5Q.UDq22GVOsLm-foBa_M7y3niwAvKcwoGSOZO6Isxp_xg&amp;dib_tag=se&amp;keywords=sam+graham+true+love+loves+through&amp;qid=1722933019&amp;s=books&amp;sprefix=sam+graha+true+love+loves+through%2Cstripbooks-intl-ship%2C148&amp;sr=1-1\">True Love Loves Through<\/a> \u2013&nbsp;Sam Graha (Independently published, 2024).<\/p>\n\n\n\n<p><a href=\"https:\/\/www.amazon.com\/Abrahams-Daughter-Healing-Childhood-Missions-ebook\/dp\/B0CM4WHMW5\/ref=sr_1_1?crid=UNCFOUWDS09B&amp;dib=eyJ2IjoiMSJ9.ZLi1FydE-HDy_ke92MfsPxFZSy7tvcqrZHN7giaRUFfpdP2f26cTqYq9cyO-DSSPxbQ22sPDEN9sINBp1H0i1c-fOPE-mS7jy6er0jwpdL81lhOIX-AABV8fDFpoRCYGW0pH62vDl4Ck7oOfaMerYSWvqeZzoE5bAoMi2SyXVFgrAfl6zUM5WbHcEnh9kdG-J7ZTsHlPRaXI3wwI2sK-VDyZJGAKKfq9rWa8jQu1Eb0.YxKqRDFYHQRwaZ_Q1ngacODtTm7H4qiaOwAZfYmbtWY&amp;dib_tag=se&amp;keywords=joy+smalley&amp;qid=1722933077&amp;s=books&amp;sprefix=joy+smalley+%2Cstripbooks-intl-ship%2C168&amp;sr=1-1\">Abraham&#8217;s Daughter: Healing trauma from a childhood in missions<\/a> \u2013&nbsp;Joy Smalley (Independently published, 2024).<\/p>\n\n\n\n<p><a href=\"https:\/\/ivpbooks.com\/answering-the-psalmist-s-perplexity\" target=\"_blank\" rel=\"noreferrer noopener\">Answering the Psalmist&#8217;s Perplexity<\/a> (New Studies in Biblical Theology) \u2013&nbsp;James Hely Hutchinson (IVP, 2024).<\/p>\n\n\n\n<p><a href=\"https:\/\/www.amazon.com\/Can-BRAVE-Daily-Devotions-Presence-ebook\/dp\/B0CJPNB8W4?ref_=ast_author_mpb\">Can i Be Brave?<\/a> \u2013&nbsp;Chloe Scott (Moment by Moment, 2023). <\/p>\n\n\n\n<p>The <a href=\"https:\/\/hopinolskopinol.com\/\">Hopinol Skopinol<\/a> series of activity books for children \u2013 Sipiwe Sikwila (Something Me Books, new editions 2023, 2024). Including My Hopi Skopi Book of Times Tables, shortlisted for the <a href=\"https:\/\/www.indiebookawards.com\/winners.php?year=2024\">Next Generation Indie Book Awards 2024<\/a>. <\/p>\n\n\n\n<p><a href=\"https:\/\/ivpbooks.com\/reconnect-your-church\">Reconnect Your Church: A practical handbook for church revitalisation<\/a> \u2013&nbsp;David Brown (IVP, 2023). <\/p>\n\n\n\n<p><a href=\"https:\/\/www.baylorpress.com\/9781481313957\/history-of-early-christianity\/?fbclid=IwAR0xzxfICi4clmcOW1clcflyHykTvZt9YzYZoh1VijGz5GTO-x2Ul2A98aA\">History of Early Christianity<\/a> \u2013 Marcus \u00d6hler, translated by Jason Valdez (Baylor University Press, 2023).<\/p>\n\n\n\n<p><a href=\"https:\/\/annekampf.com\/\">Red Thread: Occult to Science and Beyond<\/a> \u2013 Anne Marie Kampf, (Independently published, 2023).<\/p>\n\n\n\n<p><a href=\"https:\/\/spckpublishing.co.uk\/navigating-a-world-of-grace\">Navigating a World of Grace: the promise of generous orthodoxy<\/a> \u2013&nbsp;Graham Tomlin (SPCK, 2022).  <\/p>\n\n\n\n<p><a href=\"https:\/\/spckpublishing.co.uk\/what-s-the-point-of-theology-922\">What&#8217;s the Point of Theology? Wisdom, Wellbeing and Wonder<\/a> \u2013&nbsp;Alister McGrath (SPCK, 2022). <\/p>\n\n\n\n<p><a href=\"https:\/\/spckpublishing.co.uk\/the-way-of-the-franciscans\">The Way of the Franciscans: a prayer journey through lent<\/a> \u2013 Daniel P. Horan (SPCK, 2021). <\/p>\n\n\n\n<p><a href=\"https:\/\/spckpublishing.co.uk\/the-sex-thing\">The Sex Thing: reimagining conversations with young people about sex<\/a> \u2013 Rachel Gardner (SPCK, 2021). <\/p>\n\n\n\n<p><a href=\"https:\/\/clergy.spckpublishing.co.uk\/id005675665\/ISG-47-Christianity-Worldwide-1800-to-2000\">International Study Guides 47: Christianity Worldwide 1800 to 2000<\/a> \u2013&nbsp;ed. Jehu J. Hanciles (SPCK, 2021).<\/p>\n\n\n\n<p><a href=\"https:\/\/publishing.ksh.digital\/startseite\/1-e-book-traumreise-eines-radieschens-9783903325104.html\">I Am Living a Dream: The Inspirational Journey of a Radish <\/a>(English Translation) \u2013&nbsp;Lia Ha Leong Rohsmann (KSH Systems, 2021). <\/p>\n\n\n\n<p><a href=\"http:\/\/www.laschkolnig.com\/product\/erinnerungen-an-atlantis\/\">Memories of Atlantis: A Dream of Freedom<\/a> (English Translation) \u2013&nbsp;Christine Laschkolnig (KSH Systems, 2021).<\/p>\n\n\n\n<p id=\"block-dd56bfa1-d641-4053-bc56-151ce06d0e4c\">Und f\u00fcr die englische \u00dcbersetzung der <a href=\"https:\/\/shop.kinderbibel.net\/Shop\/\">Kinderbibel project<\/a>.<\/p>\n\n\n\n<p id=\"block-67a591af-c408-4178-9936-75bceb030838\">Ich habe auch mit Mitarbeitern und Studenten der <strong>Universit\u00e4t Wien<\/strong>, der <strong>Central European University<\/strong>, der <strong>Humbolt Universit\u00e4t Berlin<\/strong>, der <strong>University of Wales<\/strong> und der <strong>University of St Andrews<\/strong> an Projekten in den Fakult\u00e4ten f\u00fcr Theologie, Geschichte und Literaturwissenschaft gearbeitet.<\/p>\n\n\n\n<h3 class=\"wp-block-heading\" id=\"block-3f213cc6-18fd-46db-9b73-b96734c70f19\"><a href=\"https:\/\/salzkammergutenglish.at\/contact-me\/\">Schick mir noch heute eine Nachricht<\/a>, und wir machen dein Projekt zum n\u00e4chsten auf dieser Liste.<\/h3>\n","protected":false},"excerpt":{"rendered":"<p>Mairi has significantly enhanced the quality of my manuscript, turning it into a polished and engaging piece of work. Throughout the editing process, her professionalism and commitment to maintaining the authenticity of my voice have&#8230;<\/p>\n","protected":false},"author":1,"featured_media":0,"parent":742,"menu_order":0,"comment_status":"closed","ping_status":"closed","template":"","meta":{"_monsterinsights_skip_tracking":false,"_monsterinsights_sitenote_active":false,"_monsterinsights_sitenote_note":"","_monsterinsights_sitenote_category":0,"footnotes":""},"class_list":["post-736","page","type-page","status-publish","hentry"],"yoast_head":"<!-- This site is optimized with the Yoast SEO plugin v27.2 - https:\/\/yoast.com\/product\/yoast-seo-wordpress\/ -->\n<title>Portfolio - Salzkammergut English<\/title>\n<meta name=\"description\" content=\"Mairi Bunce Salzkammergut English, portfolio, bisherige Kunden - Lektorat, Korrektorat, Nachhilfe, Content\" \/>\n<meta name=\"robots\" content=\"index, follow, max-snippet:-1, max-image-preview:large, max-video-preview:-1\" \/>\n<link rel=\"canonical\" href=\"https:\/\/salzkammergutenglish.at\/de\/text-dienstleistungen\/portfolio\/\" \/>\n<meta property=\"og:locale\" content=\"de_DE\" \/>\n<meta property=\"og:type\" content=\"article\" \/>\n<meta property=\"og:title\" content=\"Portfolio - Salzkammergut English\" \/>\n<meta property=\"og:description\" content=\"Mairi Bunce Salzkammergut English, portfolio, bisherige Kunden - Lektorat, Korrektorat, Nachhilfe, Content\" \/>\n<meta property=\"og:url\" content=\"https:\/\/salzkammergutenglish.at\/de\/text-dienstleistungen\/portfolio\/\" \/>\n<meta property=\"og:site_name\" content=\"Salzkammergut English\" \/>\n<meta property=\"article:publisher\" content=\"https:\/\/www.facebook.com\/English.in.Ischl\" \/>\n<meta property=\"article:modified_time\" content=\"2026-03-06T07:24:58+00:00\" \/>\n<meta property=\"og:image\" content=\"https:\/\/salzkammergutenglish.at\/wp-content\/uploads\/2024\/11\/Website-bookshelf-1-1024x334.jpg\" \/>\n<meta name=\"twitter:label1\" content=\"Gesch\u00e4tzte Lesezeit\" \/>\n\t<meta name=\"twitter:data1\" content=\"4\u00a0Minuten\" \/>\n<script type=\"application\/ld+json\" class=\"yoast-schema-graph\">{\"@context\":\"https:\/\/schema.org\",\"@graph\":[{\"@type\":\"WebPage\",\"@id\":\"https:\/\/salzkammergutenglish.at\/de\/text-dienstleistungen\/portfolio\/\",\"url\":\"https:\/\/salzkammergutenglish.at\/de\/text-dienstleistungen\/portfolio\/\",\"name\":\"Portfolio - Salzkammergut English\",\"isPartOf\":{\"@id\":\"https:\/\/salzkammergutenglish.at\/de\/#website\"},\"primaryImageOfPage\":{\"@id\":\"https:\/\/salzkammergutenglish.at\/de\/text-dienstleistungen\/portfolio\/#primaryimage\"},\"image\":{\"@id\":\"https:\/\/salzkammergutenglish.at\/de\/text-dienstleistungen\/portfolio\/#primaryimage\"},\"thumbnailUrl\":\"https:\/\/salzkammergutenglish.at\/wp-content\/uploads\/2024\/11\/Website-bookshelf-1-1024x334.jpg\",\"datePublished\":\"2021-04-19T18:14:03+00:00\",\"dateModified\":\"2026-03-06T07:24:58+00:00\",\"description\":\"Mairi Bunce Salzkammergut English, portfolio, bisherige Kunden - Lektorat, Korrektorat, Nachhilfe, Content\",\"breadcrumb\":{\"@id\":\"https:\/\/salzkammergutenglish.at\/de\/text-dienstleistungen\/portfolio\/#breadcrumb\"},\"inLanguage\":\"de\",\"potentialAction\":[{\"@type\":\"ReadAction\",\"target\":[\"https:\/\/salzkammergutenglish.at\/de\/text-dienstleistungen\/portfolio\/\"]}]},{\"@type\":\"ImageObject\",\"inLanguage\":\"de\",\"@id\":\"https:\/\/salzkammergutenglish.at\/de\/text-dienstleistungen\/portfolio\/#primaryimage\",\"url\":\"https:\/\/salzkammergutenglish.at\/wp-content\/uploads\/2024\/11\/Website-bookshelf-1-1024x334.jpg\",\"contentUrl\":\"https:\/\/salzkammergutenglish.at\/wp-content\/uploads\/2024\/11\/Website-bookshelf-1-1024x334.jpg\"},{\"@type\":\"BreadcrumbList\",\"@id\":\"https:\/\/salzkammergutenglish.at\/de\/text-dienstleistungen\/portfolio\/#breadcrumb\",\"itemListElement\":[{\"@type\":\"ListItem\",\"position\":1,\"name\":\"Home\",\"item\":\"https:\/\/salzkammergutenglish.at\/de\/\"},{\"@type\":\"ListItem\",\"position\":2,\"name\":\"Text Dienstleistungen\",\"item\":\"https:\/\/salzkammergutenglish.at\/de\/text-dienstleistungen\/\"},{\"@type\":\"ListItem\",\"position\":3,\"name\":\"Portfolio\"}]},{\"@type\":\"WebSite\",\"@id\":\"https:\/\/salzkammergutenglish.at\/de\/#website\",\"url\":\"https:\/\/salzkammergutenglish.at\/de\/\",\"name\":\"Salzkammergut English\",\"description\":\"Professional content writing, editing, and tutoring in English\",\"publisher\":{\"@id\":\"https:\/\/salzkammergutenglish.at\/de\/#\/schema\/person\/9a9c9ad5958f99338b4ac9ab4c682d84\"},\"potentialAction\":[{\"@type\":\"SearchAction\",\"target\":{\"@type\":\"EntryPoint\",\"urlTemplate\":\"https:\/\/salzkammergutenglish.at\/de\/?s={search_term_string}\"},\"query-input\":{\"@type\":\"PropertyValueSpecification\",\"valueRequired\":true,\"valueName\":\"search_term_string\"}}],\"inLanguage\":\"de\"},{\"@type\":[\"Person\",\"Organization\"],\"@id\":\"https:\/\/salzkammergutenglish.at\/de\/#\/schema\/person\/9a9c9ad5958f99338b4ac9ab4c682d84\",\"name\":\"mairibunce\",\"image\":{\"@type\":\"ImageObject\",\"inLanguage\":\"de\",\"@id\":\"https:\/\/salzkammergutenglish.at\/wp-content\/uploads\/2021\/02\/cropped-logo.png\",\"url\":\"https:\/\/salzkammergutenglish.at\/wp-content\/uploads\/2021\/02\/cropped-logo.png\",\"contentUrl\":\"https:\/\/salzkammergutenglish.at\/wp-content\/uploads\/2021\/02\/cropped-logo.png\",\"width\":2602,\"height\":592,\"caption\":\"mairibunce\"},\"logo\":{\"@id\":\"https:\/\/salzkammergutenglish.at\/wp-content\/uploads\/2021\/02\/cropped-logo.png\"},\"sameAs\":[\"https:\/\/www.facebook.com\/English.in.Ischl\",\"https:\/\/www.linkedin.com\/in\/salzkammergutenglish\/\"]}]}<\/script>\n<!-- \/ Yoast SEO plugin. -->","yoast_head_json":{"title":"Portfolio - Salzkammergut English","description":"Mairi Bunce Salzkammergut English, portfolio, bisherige Kunden - Lektorat, Korrektorat, Nachhilfe, Content","robots":{"index":"index","follow":"follow","max-snippet":"max-snippet:-1","max-image-preview":"max-image-preview:large","max-video-preview":"max-video-preview:-1"},"canonical":"https:\/\/salzkammergutenglish.at\/de\/text-dienstleistungen\/portfolio\/","og_locale":"de_DE","og_type":"article","og_title":"Portfolio - Salzkammergut English","og_description":"Mairi Bunce Salzkammergut English, portfolio, bisherige Kunden - Lektorat, Korrektorat, Nachhilfe, Content","og_url":"https:\/\/salzkammergutenglish.at\/de\/text-dienstleistungen\/portfolio\/","og_site_name":"Salzkammergut English","article_publisher":"https:\/\/www.facebook.com\/English.in.Ischl","article_modified_time":"2026-03-06T07:24:58+00:00","og_image":[{"url":"https:\/\/salzkammergutenglish.at\/wp-content\/uploads\/2024\/11\/Website-bookshelf-1-1024x334.jpg","type":"","width":"","height":""}],"twitter_misc":{"Gesch\u00e4tzte Lesezeit":"4\u00a0Minuten"},"schema":{"@context":"https:\/\/schema.org","@graph":[{"@type":"WebPage","@id":"https:\/\/salzkammergutenglish.at\/de\/text-dienstleistungen\/portfolio\/","url":"https:\/\/salzkammergutenglish.at\/de\/text-dienstleistungen\/portfolio\/","name":"Portfolio - Salzkammergut English","isPartOf":{"@id":"https:\/\/salzkammergutenglish.at\/de\/#website"},"primaryImageOfPage":{"@id":"https:\/\/salzkammergutenglish.at\/de\/text-dienstleistungen\/portfolio\/#primaryimage"},"image":{"@id":"https:\/\/salzkammergutenglish.at\/de\/text-dienstleistungen\/portfolio\/#primaryimage"},"thumbnailUrl":"https:\/\/salzkammergutenglish.at\/wp-content\/uploads\/2024\/11\/Website-bookshelf-1-1024x334.jpg","datePublished":"2021-04-19T18:14:03+00:00","dateModified":"2026-03-06T07:24:58+00:00","description":"Mairi Bunce Salzkammergut English, portfolio, bisherige Kunden - Lektorat, Korrektorat, Nachhilfe, Content","breadcrumb":{"@id":"https:\/\/salzkammergutenglish.at\/de\/text-dienstleistungen\/portfolio\/#breadcrumb"},"inLanguage":"de","potentialAction":[{"@type":"ReadAction","target":["https:\/\/salzkammergutenglish.at\/de\/text-dienstleistungen\/portfolio\/"]}]},{"@type":"ImageObject","inLanguage":"de","@id":"https:\/\/salzkammergutenglish.at\/de\/text-dienstleistungen\/portfolio\/#primaryimage","url":"https:\/\/salzkammergutenglish.at\/wp-content\/uploads\/2024\/11\/Website-bookshelf-1-1024x334.jpg","contentUrl":"https:\/\/salzkammergutenglish.at\/wp-content\/uploads\/2024\/11\/Website-bookshelf-1-1024x334.jpg"},{"@type":"BreadcrumbList","@id":"https:\/\/salzkammergutenglish.at\/de\/text-dienstleistungen\/portfolio\/#breadcrumb","itemListElement":[{"@type":"ListItem","position":1,"name":"Home","item":"https:\/\/salzkammergutenglish.at\/de\/"},{"@type":"ListItem","position":2,"name":"Text Dienstleistungen","item":"https:\/\/salzkammergutenglish.at\/de\/text-dienstleistungen\/"},{"@type":"ListItem","position":3,"name":"Portfolio"}]},{"@type":"WebSite","@id":"https:\/\/salzkammergutenglish.at\/de\/#website","url":"https:\/\/salzkammergutenglish.at\/de\/","name":"Salzkammergut English","description":"Professional content writing, editing, and tutoring in English","publisher":{"@id":"https:\/\/salzkammergutenglish.at\/de\/#\/schema\/person\/9a9c9ad5958f99338b4ac9ab4c682d84"},"potentialAction":[{"@type":"SearchAction","target":{"@type":"EntryPoint","urlTemplate":"https:\/\/salzkammergutenglish.at\/de\/?s={search_term_string}"},"query-input":{"@type":"PropertyValueSpecification","valueRequired":true,"valueName":"search_term_string"}}],"inLanguage":"de"},{"@type":["Person","Organization"],"@id":"https:\/\/salzkammergutenglish.at\/de\/#\/schema\/person\/9a9c9ad5958f99338b4ac9ab4c682d84","name":"mairibunce","image":{"@type":"ImageObject","inLanguage":"de","@id":"https:\/\/salzkammergutenglish.at\/wp-content\/uploads\/2021\/02\/cropped-logo.png","url":"https:\/\/salzkammergutenglish.at\/wp-content\/uploads\/2021\/02\/cropped-logo.png","contentUrl":"https:\/\/salzkammergutenglish.at\/wp-content\/uploads\/2021\/02\/cropped-logo.png","width":2602,"height":592,"caption":"mairibunce"},"logo":{"@id":"https:\/\/salzkammergutenglish.at\/wp-content\/uploads\/2021\/02\/cropped-logo.png"},"sameAs":["https:\/\/www.facebook.com\/English.in.Ischl","https:\/\/www.linkedin.com\/in\/salzkammergutenglish\/"]}]}},"_links":{"self":[{"href":"https:\/\/salzkammergutenglish.at\/de\/wp-json\/wp\/v2\/pages\/736","targetHints":{"allow":["GET"]}}],"collection":[{"href":"https:\/\/salzkammergutenglish.at\/de\/wp-json\/wp\/v2\/pages"}],"about":[{"href":"https:\/\/salzkammergutenglish.at\/de\/wp-json\/wp\/v2\/types\/page"}],"author":[{"embeddable":true,"href":"https:\/\/salzkammergutenglish.at\/de\/wp-json\/wp\/v2\/users\/1"}],"replies":[{"embeddable":true,"href":"https:\/\/salzkammergutenglish.at\/de\/wp-json\/wp\/v2\/comments?post=736"}],"version-history":[{"count":11,"href":"https:\/\/salzkammergutenglish.at\/de\/wp-json\/wp\/v2\/pages\/736\/revisions"}],"predecessor-version":[{"id":1208,"href":"https:\/\/salzkammergutenglish.at\/de\/wp-json\/wp\/v2\/pages\/736\/revisions\/1208"}],"up":[{"embeddable":true,"href":"https:\/\/salzkammergutenglish.at\/de\/wp-json\/wp\/v2\/pages\/742"}],"wp:attachment":[{"href":"https:\/\/salzkammergutenglish.at\/de\/wp-json\/wp\/v2\/media?parent=736"}],"curies":[{"name":"wp","href":"https:\/\/api.w.org\/{rel}","templated":true}]}}