{"id":738,"date":"2021-04-19T19:15:42","date_gmt":"2021-04-19T18:15:42","guid":{"rendered":"https:\/\/salzkammergutenglish.at\/?page_id=738"},"modified":"2023-01-14T18:12:34","modified_gmt":"2023-01-14T18:12:34","slug":"akademisches-korrekturlesen","status":"publish","type":"page","link":"https:\/\/salzkammergutenglish.at\/de\/text-dienstleistungen\/akademisches-korrekturlesen\/","title":{"rendered":"Akademisches Korrekturlesen"},"content":{"rendered":"\n<h2 class=\"wp-block-heading\">Akademisches Korrekturlesen von einer englischen Muttersprachlerin, die sich auch in der gleichen Situation befand<\/h2>\n\n\n\n<p>Ich bin eine in \u00d6sterreich lebende Lektorin, die unter anderem englischsprachige Dissertationen und Proposals korrigiert und \u00fcberarbeitet. Ich arbeite h\u00e4ufig mit Studierenden und Professoren, insbesondere in den Fakult\u00e4ten f\u00fcr Literatur und Theologie, zusammen. Ich selbst habe ein Studium der Englischen Literatur abgeschlossen. Nebenbei habe ich auch Film, Bibelwissenschaft, Philosophie, sowie klassische und komparative Literatur studiert.<\/p>\n\n\n\n<p>Ich habe &nbsp;mich somit selbst mit dem Verfassen akademischer Texte besch\u00e4ftigt und kann mich deshalb gut in die Lage hineinversetzen. Ihre akademische Arbeit hat Ihr Leben f\u00fcr Monate, vielleicht sogar Jahre bestimmt. Sie sind ersch\u00f6pft, wenn es endlich in die finale Phase geht. Sie haben sich lange Zeit mit denselben W\u00f6rtern besch\u00e4ftigt. Ironischerweise ist genau das der Zeitpunkt, an dem kleine Fehler am ehesten durchrutschen.<\/p>\n\n\n\n<p>Genau dann brauchen Sie einen Korrekturleser.<\/p>\n\n\n\n<p>Ich kann verschiedene akademische Stile lektorieren. Meine Preise sind marktgerecht und ich kann in der Regel innerhalb eines kurzen Zeitraums arbeiten. <\/p>\n\n\n\n<h3 class=\"wp-block-heading\">Wenn Sie zum Korrekturlesen Ihrer Diplomarbeit, Abschlussarbeit, Dissertation oder Ihres Proposals ein weiteres Paar Augen ben\u00f6tigen, <a href=\"https:\/\/salzkammergutenglish.at\/de\/kontakt\/\">schicken Sie mir gerne eine Nachricht<\/a> damit wir loslegen k\u00f6nnen.<\/h3>\n","protected":false},"excerpt":{"rendered":"<p>Akademisches Korrekturlesen von einer englischen Muttersprachlerin, die sich auch in der gleichen Situation befand Ich bin eine in \u00d6sterreich lebende Lektorin, die unter anderem englischsprachige Dissertationen und Proposals korrigiert und \u00fcberarbeitet. Ich arbeite h\u00e4ufig mit&#8230;<\/p>\n","protected":false},"author":1,"featured_media":0,"parent":742,"menu_order":0,"comment_status":"closed","ping_status":"closed","template":"","meta":{"_monsterinsights_skip_tracking":false,"_monsterinsights_sitenote_active":false,"_monsterinsights_sitenote_note":"","_monsterinsights_sitenote_category":0,"footnotes":""},"class_list":["post-738","page","type-page","status-publish","hentry"],"yoast_head":"<!-- This site is optimized with the Yoast SEO plugin v27.2 - https:\/\/yoast.com\/product\/yoast-seo-wordpress\/ -->\n<title>Akademisches Korrekturlesen - Salzkammergut English<\/title>\n<meta name=\"description\" content=\"Korrektorat Korrekturlesen Mairi Bunce MA, Native Speakerin in \u00d6sterreich, Salzkammergut, Ober\u00f6sterreich f\u00fcr Professoren und Studierende\" \/>\n<meta name=\"robots\" content=\"index, follow, max-snippet:-1, max-image-preview:large, max-video-preview:-1\" \/>\n<link rel=\"canonical\" href=\"https:\/\/salzkammergutenglish.at\/de\/text-dienstleistungen\/akademisches-korrekturlesen\/\" \/>\n<meta property=\"og:locale\" content=\"de_DE\" \/>\n<meta property=\"og:type\" content=\"article\" \/>\n<meta property=\"og:title\" content=\"Akademisches Korrekturlesen - Salzkammergut English\" \/>\n<meta property=\"og:description\" content=\"Korrektorat Korrekturlesen Mairi Bunce MA, Native Speakerin in \u00d6sterreich, Salzkammergut, Ober\u00f6sterreich f\u00fcr Professoren und Studierende\" \/>\n<meta property=\"og:url\" content=\"https:\/\/salzkammergutenglish.at\/de\/text-dienstleistungen\/akademisches-korrekturlesen\/\" \/>\n<meta property=\"og:site_name\" content=\"Salzkammergut English\" \/>\n<meta property=\"article:publisher\" content=\"https:\/\/www.facebook.com\/English.in.Ischl\" \/>\n<meta property=\"article:modified_time\" content=\"2023-01-14T18:12:34+00:00\" \/>\n<meta name=\"twitter:label1\" content=\"Gesch\u00e4tzte Lesezeit\" \/>\n\t<meta name=\"twitter:data1\" content=\"1\u00a0Minute\" \/>\n<script type=\"application\/ld+json\" class=\"yoast-schema-graph\">{\"@context\":\"https:\/\/schema.org\",\"@graph\":[{\"@type\":\"WebPage\",\"@id\":\"https:\/\/salzkammergutenglish.at\/de\/text-dienstleistungen\/akademisches-korrekturlesen\/\",\"url\":\"https:\/\/salzkammergutenglish.at\/de\/text-dienstleistungen\/akademisches-korrekturlesen\/\",\"name\":\"Akademisches Korrekturlesen - Salzkammergut English\",\"isPartOf\":{\"@id\":\"https:\/\/salzkammergutenglish.at\/de\/#website\"},\"datePublished\":\"2021-04-19T18:15:42+00:00\",\"dateModified\":\"2023-01-14T18:12:34+00:00\",\"description\":\"Korrektorat Korrekturlesen Mairi Bunce MA, Native Speakerin in \u00d6sterreich, Salzkammergut, Ober\u00f6sterreich f\u00fcr Professoren und Studierende\",\"breadcrumb\":{\"@id\":\"https:\/\/salzkammergutenglish.at\/de\/text-dienstleistungen\/akademisches-korrekturlesen\/#breadcrumb\"},\"inLanguage\":\"de\",\"potentialAction\":[{\"@type\":\"ReadAction\",\"target\":[\"https:\/\/salzkammergutenglish.at\/de\/text-dienstleistungen\/akademisches-korrekturlesen\/\"]}]},{\"@type\":\"BreadcrumbList\",\"@id\":\"https:\/\/salzkammergutenglish.at\/de\/text-dienstleistungen\/akademisches-korrekturlesen\/#breadcrumb\",\"itemListElement\":[{\"@type\":\"ListItem\",\"position\":1,\"name\":\"Home\",\"item\":\"https:\/\/salzkammergutenglish.at\/de\/\"},{\"@type\":\"ListItem\",\"position\":2,\"name\":\"Text Dienstleistungen\",\"item\":\"https:\/\/salzkammergutenglish.at\/de\/text-dienstleistungen\/\"},{\"@type\":\"ListItem\",\"position\":3,\"name\":\"Akademisches Korrekturlesen\"}]},{\"@type\":\"WebSite\",\"@id\":\"https:\/\/salzkammergutenglish.at\/de\/#website\",\"url\":\"https:\/\/salzkammergutenglish.at\/de\/\",\"name\":\"Salzkammergut English\",\"description\":\"Professional content writing, editing, and tutoring in English\",\"publisher\":{\"@id\":\"https:\/\/salzkammergutenglish.at\/de\/#\/schema\/person\/9a9c9ad5958f99338b4ac9ab4c682d84\"},\"potentialAction\":[{\"@type\":\"SearchAction\",\"target\":{\"@type\":\"EntryPoint\",\"urlTemplate\":\"https:\/\/salzkammergutenglish.at\/de\/?s={search_term_string}\"},\"query-input\":{\"@type\":\"PropertyValueSpecification\",\"valueRequired\":true,\"valueName\":\"search_term_string\"}}],\"inLanguage\":\"de\"},{\"@type\":[\"Person\",\"Organization\"],\"@id\":\"https:\/\/salzkammergutenglish.at\/de\/#\/schema\/person\/9a9c9ad5958f99338b4ac9ab4c682d84\",\"name\":\"mairibunce\",\"image\":{\"@type\":\"ImageObject\",\"inLanguage\":\"de\",\"@id\":\"https:\/\/salzkammergutenglish.at\/wp-content\/uploads\/2021\/02\/cropped-logo.png\",\"url\":\"https:\/\/salzkammergutenglish.at\/wp-content\/uploads\/2021\/02\/cropped-logo.png\",\"contentUrl\":\"https:\/\/salzkammergutenglish.at\/wp-content\/uploads\/2021\/02\/cropped-logo.png\",\"width\":2602,\"height\":592,\"caption\":\"mairibunce\"},\"logo\":{\"@id\":\"https:\/\/salzkammergutenglish.at\/wp-content\/uploads\/2021\/02\/cropped-logo.png\"},\"sameAs\":[\"https:\/\/www.facebook.com\/English.in.Ischl\",\"https:\/\/www.linkedin.com\/in\/salzkammergutenglish\/\"]}]}<\/script>\n<!-- \/ Yoast SEO plugin. -->","yoast_head_json":{"title":"Akademisches Korrekturlesen - Salzkammergut English","description":"Korrektorat Korrekturlesen Mairi Bunce MA, Native Speakerin in \u00d6sterreich, Salzkammergut, Ober\u00f6sterreich f\u00fcr Professoren und Studierende","robots":{"index":"index","follow":"follow","max-snippet":"max-snippet:-1","max-image-preview":"max-image-preview:large","max-video-preview":"max-video-preview:-1"},"canonical":"https:\/\/salzkammergutenglish.at\/de\/text-dienstleistungen\/akademisches-korrekturlesen\/","og_locale":"de_DE","og_type":"article","og_title":"Akademisches Korrekturlesen - Salzkammergut English","og_description":"Korrektorat Korrekturlesen Mairi Bunce MA, Native Speakerin in \u00d6sterreich, Salzkammergut, Ober\u00f6sterreich f\u00fcr Professoren und Studierende","og_url":"https:\/\/salzkammergutenglish.at\/de\/text-dienstleistungen\/akademisches-korrekturlesen\/","og_site_name":"Salzkammergut English","article_publisher":"https:\/\/www.facebook.com\/English.in.Ischl","article_modified_time":"2023-01-14T18:12:34+00:00","twitter_misc":{"Gesch\u00e4tzte Lesezeit":"1\u00a0Minute"},"schema":{"@context":"https:\/\/schema.org","@graph":[{"@type":"WebPage","@id":"https:\/\/salzkammergutenglish.at\/de\/text-dienstleistungen\/akademisches-korrekturlesen\/","url":"https:\/\/salzkammergutenglish.at\/de\/text-dienstleistungen\/akademisches-korrekturlesen\/","name":"Akademisches Korrekturlesen - Salzkammergut English","isPartOf":{"@id":"https:\/\/salzkammergutenglish.at\/de\/#website"},"datePublished":"2021-04-19T18:15:42+00:00","dateModified":"2023-01-14T18:12:34+00:00","description":"Korrektorat Korrekturlesen Mairi Bunce MA, Native Speakerin in \u00d6sterreich, Salzkammergut, Ober\u00f6sterreich f\u00fcr Professoren und Studierende","breadcrumb":{"@id":"https:\/\/salzkammergutenglish.at\/de\/text-dienstleistungen\/akademisches-korrekturlesen\/#breadcrumb"},"inLanguage":"de","potentialAction":[{"@type":"ReadAction","target":["https:\/\/salzkammergutenglish.at\/de\/text-dienstleistungen\/akademisches-korrekturlesen\/"]}]},{"@type":"BreadcrumbList","@id":"https:\/\/salzkammergutenglish.at\/de\/text-dienstleistungen\/akademisches-korrekturlesen\/#breadcrumb","itemListElement":[{"@type":"ListItem","position":1,"name":"Home","item":"https:\/\/salzkammergutenglish.at\/de\/"},{"@type":"ListItem","position":2,"name":"Text Dienstleistungen","item":"https:\/\/salzkammergutenglish.at\/de\/text-dienstleistungen\/"},{"@type":"ListItem","position":3,"name":"Akademisches Korrekturlesen"}]},{"@type":"WebSite","@id":"https:\/\/salzkammergutenglish.at\/de\/#website","url":"https:\/\/salzkammergutenglish.at\/de\/","name":"Salzkammergut English","description":"Professional content writing, editing, and tutoring in English","publisher":{"@id":"https:\/\/salzkammergutenglish.at\/de\/#\/schema\/person\/9a9c9ad5958f99338b4ac9ab4c682d84"},"potentialAction":[{"@type":"SearchAction","target":{"@type":"EntryPoint","urlTemplate":"https:\/\/salzkammergutenglish.at\/de\/?s={search_term_string}"},"query-input":{"@type":"PropertyValueSpecification","valueRequired":true,"valueName":"search_term_string"}}],"inLanguage":"de"},{"@type":["Person","Organization"],"@id":"https:\/\/salzkammergutenglish.at\/de\/#\/schema\/person\/9a9c9ad5958f99338b4ac9ab4c682d84","name":"mairibunce","image":{"@type":"ImageObject","inLanguage":"de","@id":"https:\/\/salzkammergutenglish.at\/wp-content\/uploads\/2021\/02\/cropped-logo.png","url":"https:\/\/salzkammergutenglish.at\/wp-content\/uploads\/2021\/02\/cropped-logo.png","contentUrl":"https:\/\/salzkammergutenglish.at\/wp-content\/uploads\/2021\/02\/cropped-logo.png","width":2602,"height":592,"caption":"mairibunce"},"logo":{"@id":"https:\/\/salzkammergutenglish.at\/wp-content\/uploads\/2021\/02\/cropped-logo.png"},"sameAs":["https:\/\/www.facebook.com\/English.in.Ischl","https:\/\/www.linkedin.com\/in\/salzkammergutenglish\/"]}]}},"_links":{"self":[{"href":"https:\/\/salzkammergutenglish.at\/de\/wp-json\/wp\/v2\/pages\/738","targetHints":{"allow":["GET"]}}],"collection":[{"href":"https:\/\/salzkammergutenglish.at\/de\/wp-json\/wp\/v2\/pages"}],"about":[{"href":"https:\/\/salzkammergutenglish.at\/de\/wp-json\/wp\/v2\/types\/page"}],"author":[{"embeddable":true,"href":"https:\/\/salzkammergutenglish.at\/de\/wp-json\/wp\/v2\/users\/1"}],"replies":[{"embeddable":true,"href":"https:\/\/salzkammergutenglish.at\/de\/wp-json\/wp\/v2\/comments?post=738"}],"version-history":[{"count":3,"href":"https:\/\/salzkammergutenglish.at\/de\/wp-json\/wp\/v2\/pages\/738\/revisions"}],"predecessor-version":[{"id":1054,"href":"https:\/\/salzkammergutenglish.at\/de\/wp-json\/wp\/v2\/pages\/738\/revisions\/1054"}],"up":[{"embeddable":true,"href":"https:\/\/salzkammergutenglish.at\/de\/wp-json\/wp\/v2\/pages\/742"}],"wp:attachment":[{"href":"https:\/\/salzkammergutenglish.at\/de\/wp-json\/wp\/v2\/media?parent=738"}],"curies":[{"name":"wp","href":"https:\/\/api.w.org\/{rel}","templated":true}]}}