{"id":740,"date":"2021-04-19T19:17:36","date_gmt":"2021-04-19T18:17:36","guid":{"rendered":"https:\/\/salzkammergutenglish.at\/?page_id=740"},"modified":"2024-08-06T09:56:43","modified_gmt":"2024-08-06T08:56:43","slug":"hotels-und-gastronomie","status":"publish","type":"page","link":"https:\/\/salzkammergutenglish.at\/de\/hotels-und-gastronomie\/","title":{"rendered":"Hotels und Gastronomie"},"content":{"rendered":"\n<p>Jetzt bin ich freiberufliche Autorin und Redakteurin. Bevor ich nach \u00d6sterreich zog, war ich Marketingmanagerin f\u00fcr Hotels und Restaurants in St. Andrews, Schottland.<\/p>\n\n\n\n<p>Das ist etwa 1700 km von meinem jetzigen Zuhause in Bad Ischl entfernt, aber die beiden Orte haben mehr gemeinsam, als du vielleicht denkst.<\/p>\n\n\n\n<ul class=\"wp-block-list\">\n<li>Beide sind landschaftlich au\u00dferordentlich reizvolle Gegenden.<\/li>\n<\/ul>\n\n\n\n<ul class=\"wp-block-list\">\n<li>Beide Orte haben eine enorme historische Bedeutung in ihren L\u00e4ndern.<\/li>\n<\/ul>\n\n\n\n<ul class=\"wp-block-list\">\n<li>Beides sind aufregende Orte, an denen lebendige, moderne und luxuri\u00f6se Angebote neben traditionellen Einrichtungen stehen.<\/li>\n<\/ul>\n\n\n\n<p>Wenn Menschen nach St. Andrews oder ins Salzkammergut reisen, dann in erster Linie, um einen Ort zu besuchen, der ihnen ans Herz gewachsen ist. Oft ist eine Reise dorthin weniger ein Urlaub als vielmehr eine pers\u00f6nliche Pilgerreise.<\/p>\n\n\n\n<h2 class=\"wp-block-heading\">Hier kommt Salzkammergut English ins Spiel<\/h2>\n\n\n\n<p>Wenn du mit mir zusammenarbeitest, nutze ich mein Fachwissen im Tourismusmarketing in Kombination mit meinen au\u00dfergew\u00f6hnlichen Schreib- und Redaktionsf\u00e4higkeiten, um etwas zu erstellen, das dein einzigartiges Unternehmen in deiner authentischen Pers\u00f6nlichkeit repr\u00e4sentiert &#8211; auf Englisch.<\/p>\n\n\n\n<h3 class=\"wp-block-heading\">Die Projekte k\u00f6nnen so umfangreich sein, wie du m\u00f6chtest<\/h3>\n\n\n\n<p>Wenn wir bei Null anfangen, kann ich deine bestehende deutsche Website oder Besuchermaterialien ins Englische \u00fcbersetzen, damit englischsprachige Besucher dich finden. Keyword-Recherche und SEO geh\u00f6ren zu den Dienstleistungen, die ich beim Schreiben von Inhalten erbringe.<\/p>\n\n\n\n<p>Ich kann f\u00fcr deinen Reisef\u00fchrer, dein Magazin oder deine Website schreiben, um den Leuten genau zu sagen, warum sie nach \u00d6sterreich kommen sollten. \u00dcbrigens liegt es mir besonders am Herzen, jungen Familien zu helfen, ihre Zeit im Salzkammergut zu genie\u00dfen.<\/p>\n\n\n\n<p>Ich kann Social Media Profile f\u00fcr dich verwalten, damit du dein internationales Publikum erweitern kannst. Wenn du die Bilder zur Verf\u00fcgung stellst, erz\u00e4hle ich die Geschichte dazu.<\/p>\n\n\n\n<h3 class=\"wp-block-heading\">Wir k\u00f6nnen auch klein anfangen<\/h3>\n\n\n\n<p>Ich kann eine bestehende \u00dcbersetzung deiner Website oder deiner Besuchermaterialien so bearbeiten, dass sie sich perfekt auf Englisch liest.<\/p>\n\n\n\n<p>Ich kann deine Speisekarten oder G\u00e4steinformationen Korrektur lesen, damit du sicher sein kannst, dass du keine \u00e4rgerlichen (oder sogar peinlichen) Fehler machst.<\/p>\n\n\n\n<p>Ich kann sogar die neuen Schilder f\u00fcr deine Rezeption oder deine Eingangst\u00fcr dreifach \u00fcberpr\u00fcfen, damit du sie mit absolutem Vertrauen bestellen kannst.<\/p>\n\n\n\n<h3 class=\"wp-block-heading\">Details sind immer wichtig.<\/h3>\n\n\n\n<p>Wenn du mich beauftragst, deine englischen Inhalte zu perfektionieren, erh\u00f6ht sich die Wahrscheinlichkeit, dass internationale G\u00e4ste dich bei der Planung ihrer Reise finden.<\/p>\n\n\n\n<p>In der Folge werden sie mehr Zeit auf deiner Website verbringen und deine Chancen, sie in Kunden zu verwandeln, steigen.<\/p>\n\n\n\n<p>Und wenn du ein Hotel oder eine Touristenattraktion betreibst, werden die G\u00e4ste eher \u00fcber eine gut geschriebene englische Website buchen als \u00fcber einen Drittanbieter, der dich eine Provision kostet. <\/p>\n\n\n\n<h2 class=\"wp-block-heading\">Nimm <a href=\"https:\/\/salzkammergutenglish.at\/de\/kontakt\/\">Kontakt mit mir auf<\/a>, wenn du \u00fcber die Verbesserung deiner englischen Inhalte oder die Erstellung neuer Texte sprechen m\u00f6chtest. <\/h2>\n\n\n\n<h4 class=\"wp-block-heading\">Ich mache eine kurze Bestandsaufnahme deiner bestehenden Inhalte und dann k\u00f6nnen wir dar\u00fcber sprechen, was genau du brauchst, damit dein Unternehmen bei deinen englischsprachigen Kunden positiv auff\u00e4llt.<\/h4>\n\n\n\n<div class=\"wp-block-buttons is-layout-flex wp-block-buttons-is-layout-flex\">\n<div class=\"wp-block-button\"><a class=\"wp-block-button__link wp-element-button\" href=\"https:\/\/salzkammergutenglish.at\/de\/kontakt\/\">Kontakt<\/a><\/div>\n<\/div>\n","protected":false},"excerpt":{"rendered":"<p>Jetzt bin ich freiberufliche Autorin und Redakteurin. Bevor ich nach \u00d6sterreich zog, war ich Marketingmanagerin f\u00fcr Hotels und Restaurants in St. Andrews, Schottland. Das ist etwa 1700 km von meinem jetzigen Zuhause in Bad Ischl&#8230;<\/p>\n","protected":false},"author":1,"featured_media":761,"parent":0,"menu_order":0,"comment_status":"closed","ping_status":"closed","template":"","meta":{"_monsterinsights_skip_tracking":false,"_monsterinsights_sitenote_active":false,"_monsterinsights_sitenote_note":"","_monsterinsights_sitenote_category":0,"footnotes":""},"class_list":["post-740","page","type-page","status-publish","has-post-thumbnail","hentry"],"yoast_head":"<!-- This site is optimized with the Yoast SEO plugin v27.2 - https:\/\/yoast.com\/product\/yoast-seo-wordpress\/ -->\n<title>Hotels und Gastronomie - Salzkammergut English<\/title>\n<meta name=\"description\" content=\"Englisch Content, Marketing, Inhalt, Lektorat, Korrektorat f\u00fcr Hotels Gastronomie, Tourismus. Mairi Bunce, Bad Ischl, Salzkammergut\" \/>\n<meta name=\"robots\" content=\"index, follow, max-snippet:-1, max-image-preview:large, max-video-preview:-1\" \/>\n<link rel=\"canonical\" href=\"https:\/\/salzkammergutenglish.at\/de\/hotels-und-gastronomie\/\" \/>\n<meta property=\"og:locale\" content=\"de_DE\" \/>\n<meta property=\"og:type\" content=\"article\" \/>\n<meta property=\"og:title\" content=\"Hotels und Gastronomie - Salzkammergut English\" \/>\n<meta property=\"og:description\" content=\"Englisch Content, Marketing, Inhalt, Lektorat, Korrektorat f\u00fcr Hotels Gastronomie, Tourismus. Mairi Bunce, Bad Ischl, Salzkammergut\" \/>\n<meta property=\"og:url\" content=\"https:\/\/salzkammergutenglish.at\/de\/hotels-und-gastronomie\/\" \/>\n<meta property=\"og:site_name\" content=\"Salzkammergut English\" \/>\n<meta property=\"article:publisher\" content=\"https:\/\/www.facebook.com\/English.in.Ischl\" \/>\n<meta property=\"article:modified_time\" content=\"2024-08-06T08:56:43+00:00\" \/>\n<meta property=\"og:image\" content=\"https:\/\/salzkammergutenglish.at\/wp-content\/uploads\/2021\/04\/IMG_20210410_153339-scaled.jpg\" \/>\n\t<meta property=\"og:image:width\" content=\"2560\" \/>\n\t<meta property=\"og:image:height\" content=\"1920\" \/>\n\t<meta property=\"og:image:type\" content=\"image\/jpeg\" \/>\n<meta name=\"twitter:label1\" content=\"Gesch\u00e4tzte Lesezeit\" \/>\n\t<meta name=\"twitter:data1\" content=\"3\u00a0Minuten\" \/>\n<script type=\"application\/ld+json\" class=\"yoast-schema-graph\">{\"@context\":\"https:\/\/schema.org\",\"@graph\":[{\"@type\":\"WebPage\",\"@id\":\"https:\/\/salzkammergutenglish.at\/de\/hotels-und-gastronomie\/\",\"url\":\"https:\/\/salzkammergutenglish.at\/de\/hotels-und-gastronomie\/\",\"name\":\"Hotels und Gastronomie - Salzkammergut English\",\"isPartOf\":{\"@id\":\"https:\/\/salzkammergutenglish.at\/de\/#website\"},\"primaryImageOfPage\":{\"@id\":\"https:\/\/salzkammergutenglish.at\/de\/hotels-und-gastronomie\/#primaryimage\"},\"image\":{\"@id\":\"https:\/\/salzkammergutenglish.at\/de\/hotels-und-gastronomie\/#primaryimage\"},\"thumbnailUrl\":\"https:\/\/salzkammergutenglish.at\/wp-content\/uploads\/2021\/04\/IMG_20210410_153339-scaled.jpg\",\"datePublished\":\"2021-04-19T18:17:36+00:00\",\"dateModified\":\"2024-08-06T08:56:43+00:00\",\"description\":\"Englisch Content, Marketing, Inhalt, Lektorat, Korrektorat f\u00fcr Hotels Gastronomie, Tourismus. Mairi Bunce, Bad Ischl, Salzkammergut\",\"breadcrumb\":{\"@id\":\"https:\/\/salzkammergutenglish.at\/de\/hotels-und-gastronomie\/#breadcrumb\"},\"inLanguage\":\"de\",\"potentialAction\":[{\"@type\":\"ReadAction\",\"target\":[\"https:\/\/salzkammergutenglish.at\/de\/hotels-und-gastronomie\/\"]}]},{\"@type\":\"ImageObject\",\"inLanguage\":\"de\",\"@id\":\"https:\/\/salzkammergutenglish.at\/de\/hotels-und-gastronomie\/#primaryimage\",\"url\":\"https:\/\/salzkammergutenglish.at\/wp-content\/uploads\/2021\/04\/IMG_20210410_153339-scaled.jpg\",\"contentUrl\":\"https:\/\/salzkammergutenglish.at\/wp-content\/uploads\/2021\/04\/IMG_20210410_153339-scaled.jpg\",\"width\":2560,\"height\":1920},{\"@type\":\"BreadcrumbList\",\"@id\":\"https:\/\/salzkammergutenglish.at\/de\/hotels-und-gastronomie\/#breadcrumb\",\"itemListElement\":[{\"@type\":\"ListItem\",\"position\":1,\"name\":\"Home\",\"item\":\"https:\/\/salzkammergutenglish.at\/de\/\"},{\"@type\":\"ListItem\",\"position\":2,\"name\":\"Hotels und Gastronomie\"}]},{\"@type\":\"WebSite\",\"@id\":\"https:\/\/salzkammergutenglish.at\/de\/#website\",\"url\":\"https:\/\/salzkammergutenglish.at\/de\/\",\"name\":\"Salzkammergut English\",\"description\":\"Professional content writing, editing, and tutoring in English\",\"publisher\":{\"@id\":\"https:\/\/salzkammergutenglish.at\/de\/#\/schema\/person\/9a9c9ad5958f99338b4ac9ab4c682d84\"},\"potentialAction\":[{\"@type\":\"SearchAction\",\"target\":{\"@type\":\"EntryPoint\",\"urlTemplate\":\"https:\/\/salzkammergutenglish.at\/de\/?s={search_term_string}\"},\"query-input\":{\"@type\":\"PropertyValueSpecification\",\"valueRequired\":true,\"valueName\":\"search_term_string\"}}],\"inLanguage\":\"de\"},{\"@type\":[\"Person\",\"Organization\"],\"@id\":\"https:\/\/salzkammergutenglish.at\/de\/#\/schema\/person\/9a9c9ad5958f99338b4ac9ab4c682d84\",\"name\":\"mairibunce\",\"image\":{\"@type\":\"ImageObject\",\"inLanguage\":\"de\",\"@id\":\"https:\/\/salzkammergutenglish.at\/wp-content\/uploads\/2021\/02\/cropped-logo.png\",\"url\":\"https:\/\/salzkammergutenglish.at\/wp-content\/uploads\/2021\/02\/cropped-logo.png\",\"contentUrl\":\"https:\/\/salzkammergutenglish.at\/wp-content\/uploads\/2021\/02\/cropped-logo.png\",\"width\":2602,\"height\":592,\"caption\":\"mairibunce\"},\"logo\":{\"@id\":\"https:\/\/salzkammergutenglish.at\/wp-content\/uploads\/2021\/02\/cropped-logo.png\"},\"sameAs\":[\"https:\/\/www.facebook.com\/English.in.Ischl\",\"https:\/\/www.linkedin.com\/in\/salzkammergutenglish\/\"]}]}<\/script>\n<!-- \/ Yoast SEO plugin. -->","yoast_head_json":{"title":"Hotels und Gastronomie - Salzkammergut English","description":"Englisch Content, Marketing, Inhalt, Lektorat, Korrektorat f\u00fcr Hotels Gastronomie, Tourismus. Mairi Bunce, Bad Ischl, Salzkammergut","robots":{"index":"index","follow":"follow","max-snippet":"max-snippet:-1","max-image-preview":"max-image-preview:large","max-video-preview":"max-video-preview:-1"},"canonical":"https:\/\/salzkammergutenglish.at\/de\/hotels-und-gastronomie\/","og_locale":"de_DE","og_type":"article","og_title":"Hotels und Gastronomie - Salzkammergut English","og_description":"Englisch Content, Marketing, Inhalt, Lektorat, Korrektorat f\u00fcr Hotels Gastronomie, Tourismus. Mairi Bunce, Bad Ischl, Salzkammergut","og_url":"https:\/\/salzkammergutenglish.at\/de\/hotels-und-gastronomie\/","og_site_name":"Salzkammergut English","article_publisher":"https:\/\/www.facebook.com\/English.in.Ischl","article_modified_time":"2024-08-06T08:56:43+00:00","og_image":[{"width":2560,"height":1920,"url":"https:\/\/salzkammergutenglish.at\/wp-content\/uploads\/2021\/04\/IMG_20210410_153339-scaled.jpg","type":"image\/jpeg"}],"twitter_misc":{"Gesch\u00e4tzte Lesezeit":"3\u00a0Minuten"},"schema":{"@context":"https:\/\/schema.org","@graph":[{"@type":"WebPage","@id":"https:\/\/salzkammergutenglish.at\/de\/hotels-und-gastronomie\/","url":"https:\/\/salzkammergutenglish.at\/de\/hotels-und-gastronomie\/","name":"Hotels und Gastronomie - Salzkammergut English","isPartOf":{"@id":"https:\/\/salzkammergutenglish.at\/de\/#website"},"primaryImageOfPage":{"@id":"https:\/\/salzkammergutenglish.at\/de\/hotels-und-gastronomie\/#primaryimage"},"image":{"@id":"https:\/\/salzkammergutenglish.at\/de\/hotels-und-gastronomie\/#primaryimage"},"thumbnailUrl":"https:\/\/salzkammergutenglish.at\/wp-content\/uploads\/2021\/04\/IMG_20210410_153339-scaled.jpg","datePublished":"2021-04-19T18:17:36+00:00","dateModified":"2024-08-06T08:56:43+00:00","description":"Englisch Content, Marketing, Inhalt, Lektorat, Korrektorat f\u00fcr Hotels Gastronomie, Tourismus. Mairi Bunce, Bad Ischl, Salzkammergut","breadcrumb":{"@id":"https:\/\/salzkammergutenglish.at\/de\/hotels-und-gastronomie\/#breadcrumb"},"inLanguage":"de","potentialAction":[{"@type":"ReadAction","target":["https:\/\/salzkammergutenglish.at\/de\/hotels-und-gastronomie\/"]}]},{"@type":"ImageObject","inLanguage":"de","@id":"https:\/\/salzkammergutenglish.at\/de\/hotels-und-gastronomie\/#primaryimage","url":"https:\/\/salzkammergutenglish.at\/wp-content\/uploads\/2021\/04\/IMG_20210410_153339-scaled.jpg","contentUrl":"https:\/\/salzkammergutenglish.at\/wp-content\/uploads\/2021\/04\/IMG_20210410_153339-scaled.jpg","width":2560,"height":1920},{"@type":"BreadcrumbList","@id":"https:\/\/salzkammergutenglish.at\/de\/hotels-und-gastronomie\/#breadcrumb","itemListElement":[{"@type":"ListItem","position":1,"name":"Home","item":"https:\/\/salzkammergutenglish.at\/de\/"},{"@type":"ListItem","position":2,"name":"Hotels und Gastronomie"}]},{"@type":"WebSite","@id":"https:\/\/salzkammergutenglish.at\/de\/#website","url":"https:\/\/salzkammergutenglish.at\/de\/","name":"Salzkammergut English","description":"Professional content writing, editing, and tutoring in English","publisher":{"@id":"https:\/\/salzkammergutenglish.at\/de\/#\/schema\/person\/9a9c9ad5958f99338b4ac9ab4c682d84"},"potentialAction":[{"@type":"SearchAction","target":{"@type":"EntryPoint","urlTemplate":"https:\/\/salzkammergutenglish.at\/de\/?s={search_term_string}"},"query-input":{"@type":"PropertyValueSpecification","valueRequired":true,"valueName":"search_term_string"}}],"inLanguage":"de"},{"@type":["Person","Organization"],"@id":"https:\/\/salzkammergutenglish.at\/de\/#\/schema\/person\/9a9c9ad5958f99338b4ac9ab4c682d84","name":"mairibunce","image":{"@type":"ImageObject","inLanguage":"de","@id":"https:\/\/salzkammergutenglish.at\/wp-content\/uploads\/2021\/02\/cropped-logo.png","url":"https:\/\/salzkammergutenglish.at\/wp-content\/uploads\/2021\/02\/cropped-logo.png","contentUrl":"https:\/\/salzkammergutenglish.at\/wp-content\/uploads\/2021\/02\/cropped-logo.png","width":2602,"height":592,"caption":"mairibunce"},"logo":{"@id":"https:\/\/salzkammergutenglish.at\/wp-content\/uploads\/2021\/02\/cropped-logo.png"},"sameAs":["https:\/\/www.facebook.com\/English.in.Ischl","https:\/\/www.linkedin.com\/in\/salzkammergutenglish\/"]}]}},"_links":{"self":[{"href":"https:\/\/salzkammergutenglish.at\/de\/wp-json\/wp\/v2\/pages\/740","targetHints":{"allow":["GET"]}}],"collection":[{"href":"https:\/\/salzkammergutenglish.at\/de\/wp-json\/wp\/v2\/pages"}],"about":[{"href":"https:\/\/salzkammergutenglish.at\/de\/wp-json\/wp\/v2\/types\/page"}],"author":[{"embeddable":true,"href":"https:\/\/salzkammergutenglish.at\/de\/wp-json\/wp\/v2\/users\/1"}],"replies":[{"embeddable":true,"href":"https:\/\/salzkammergutenglish.at\/de\/wp-json\/wp\/v2\/comments?post=740"}],"version-history":[{"count":4,"href":"https:\/\/salzkammergutenglish.at\/de\/wp-json\/wp\/v2\/pages\/740\/revisions"}],"predecessor-version":[{"id":1057,"href":"https:\/\/salzkammergutenglish.at\/de\/wp-json\/wp\/v2\/pages\/740\/revisions\/1057"}],"wp:featuredmedia":[{"embeddable":true,"href":"https:\/\/salzkammergutenglish.at\/de\/wp-json\/wp\/v2\/media\/761"}],"wp:attachment":[{"href":"https:\/\/salzkammergutenglish.at\/de\/wp-json\/wp\/v2\/media?parent=740"}],"curies":[{"name":"wp","href":"https:\/\/api.w.org\/{rel}","templated":true}]}}