{"id":742,"date":"2021-04-19T19:19:01","date_gmt":"2021-04-19T18:19:01","guid":{"rendered":"https:\/\/salzkammergutenglish.at\/?page_id=742"},"modified":"2023-01-15T08:37:50","modified_gmt":"2023-01-15T08:37:50","slug":"text-dienstleistungen","status":"publish","type":"page","link":"https:\/\/salzkammergutenglish.at\/de\/text-dienstleistungen\/","title":{"rendered":"Text Dienstleistungen"},"content":{"rendered":"\n<h2 class=\"wp-block-heading\">Englische Inhalte aus den \u00f6sterreichischen Alpen<\/h2>\n\n\n\n<h3 class=\"wp-block-heading\">Mairi Bunce ist freiberufliche Redakteurin, Lektorin und Content-Autorin und arbeitet im Salzkammergut.<\/h3>\n\n\n\n<p>Ich bin neugierig und kreativ. Deshalb willst du mich in deinem Team haben, wenn es Zeit ist, den Stift zu Papier zu bringen.<\/p>\n\n\n\n<h2 class=\"wp-block-heading\">Was kann Salzkammergut Englisch f\u00fcr mich tun?<\/h2>\n\n\n\n<p>Ich unterteile meine Arbeit in vier Kategorien:<\/p>\n\n\n\n<h3 class=\"wp-block-heading\">Ich schreibe originale Content<\/h3>\n\n\n\n<ul class=\"wp-block-list\">\n<li>Ich recherchiere, schreibe und \u00fcberpr\u00fcfe Content nach deinen Vorgaben und deinem Briefing.<\/li>\n<\/ul>\n\n\n\n<ul class=\"wp-block-list\">\n<li>Bei webbasierten Projekten wende ich mein SEO-Wissen an, um mehr Aufmerksamkeit auf deine Inhalte zu lenken.<\/li>\n<\/ul>\n\n\n\n<ul class=\"wp-block-list\">\n<li>Und ich kann dir helfen, deine Content-Marketing-Strategie zu planen, damit du dein Publikum aufbauen kannst.<\/li>\n<\/ul>\n\n\n\n<h3 class=\"wp-block-heading\">Ich bin Korrekturleserin<\/h3>\n\n\n\n<ul class=\"wp-block-list\">\n<li>Ich lese deinen englischen Text genau und korrigiere Ungereimtheiten oder Fehler in Rechtschreibung, Grammatik und Zeichensetzung.<\/li>\n<\/ul>\n\n\n\n<ul class=\"wp-block-list\">\n<li>Ich \u00fcberpr\u00fcfe die Formatierung der Korrekturabz\u00fcge deines Schriftsetzers und sorge so f\u00fcr ein letztes Sicherheitsnetz, bevor jemand in den Druck geht.<\/li>\n<\/ul>\n\n\n\n<h3 class=\"wp-block-heading\">Ich bin Redakteurin<\/h3>\n\n\n\n<ul class=\"wp-block-list\">\n<li>Ich begleite dich durch die Entwicklungsphase deines Textes. Hier finden wir den roten Faden und die perfekte Struktur, damit deine Ideen und deine Stimme zur Geltung kommen.<\/li>\n\n\n\n<li>Ich helfe dir, deinen Tonfall zu entwickeln. Das bedeutet, dass dein fertiger Text einheitlich ist und zu deinem Publikum passt.<\/li>\n\n\n\n<li>Ich stelle sicher, dass dein Text im richtigen Haus- oder akademischen Stil geschrieben ist.<\/li>\n\n\n\n<li>Wenn ich fertig bin, korrigiere ich Rechtschreibung, Grammatik und Zeichensetzung deines Textes, so wie ich es beim Korrekturlesen tun w\u00fcrde.<\/li>\n<\/ul>\n\n\n\n<h3 class=\"wp-block-heading\">Ich \u00fcbersetze Deutsch ins Englische<\/h3>\n\n\n\n<ul class=\"wp-block-list\">\n<li>Ich \u00fcbersetze literarische Texte und Marketingmaterialien von DE &gt; EN<\/li>\n\n\n\n<li>Ich biete &#8222;Transcreation&#8220;-Dienste an, bei denen ich deinen Text nicht nur \u00fcbersetze, sondern ihn auch lokalisiere und f\u00fcr ein englischsprachiges Publikum anpasse.<\/li>\n<\/ul>\n\n\n\n<h3 class=\"wp-block-heading\">Interessiert?<br>Sieh dir <a href=\"https:\/\/salzkammergutenglish.at\/de\/text-dienstleistungen\/bisherige-kunden\/\">mein Portfolio<\/a> an und finde heraus, was ich tun kann.<\/h3>\n\n\n\n<h3 class=\"wp-block-heading\">Oder lass uns gleich loslegen. <a href=\"https:\/\/salzkammergutenglish.at\/de\/kontakt\/\">Kontaktiere mich hier<\/a>, um \u00fcber dein Projekt f\u00fcr Lektorat, Korrektorat oder Content Writing zu sprechen.<\/h3>\n","protected":false},"excerpt":{"rendered":"<p>Englische Inhalte aus den \u00f6sterreichischen Alpen Mairi Bunce ist freiberufliche Redakteurin, Lektorin und Content-Autorin und arbeitet im Salzkammergut. Ich bin neugierig und kreativ. Deshalb willst du mich in deinem Team haben, wenn es Zeit ist,&#8230;<\/p>\n","protected":false},"author":1,"featured_media":0,"parent":0,"menu_order":0,"comment_status":"closed","ping_status":"closed","template":"","meta":{"_monsterinsights_skip_tracking":false,"_monsterinsights_sitenote_active":false,"_monsterinsights_sitenote_note":"","_monsterinsights_sitenote_category":0,"footnotes":""},"class_list":["post-742","page","type-page","status-publish","hentry"],"yoast_head":"<!-- This site is optimized with the Yoast SEO plugin v27.2 - https:\/\/yoast.com\/product\/yoast-seo-wordpress\/ -->\n<title>Text Dienstleistungen - Salzkammergut English<\/title>\n<meta name=\"description\" content=\"Content, Inhalt, Korrektorat, Lektorat in Englisch von Native Speaker Mairi Bunce im Bad Ischl, Salzkammergut\" \/>\n<meta name=\"robots\" content=\"index, follow, max-snippet:-1, max-image-preview:large, max-video-preview:-1\" \/>\n<link rel=\"canonical\" href=\"https:\/\/salzkammergutenglish.at\/de\/text-dienstleistungen\/\" \/>\n<meta property=\"og:locale\" content=\"de_DE\" \/>\n<meta property=\"og:type\" content=\"article\" \/>\n<meta property=\"og:title\" content=\"Text Dienstleistungen - Salzkammergut English\" \/>\n<meta property=\"og:description\" content=\"Content, Inhalt, Korrektorat, Lektorat in Englisch von Native Speaker Mairi Bunce im Bad Ischl, Salzkammergut\" \/>\n<meta property=\"og:url\" content=\"https:\/\/salzkammergutenglish.at\/de\/text-dienstleistungen\/\" \/>\n<meta property=\"og:site_name\" content=\"Salzkammergut English\" \/>\n<meta property=\"article:publisher\" content=\"https:\/\/www.facebook.com\/English.in.Ischl\" \/>\n<meta property=\"article:modified_time\" content=\"2023-01-15T08:37:50+00:00\" \/>\n<meta name=\"twitter:label1\" content=\"Gesch\u00e4tzte Lesezeit\" \/>\n\t<meta name=\"twitter:data1\" content=\"2\u00a0Minuten\" \/>\n<script type=\"application\/ld+json\" class=\"yoast-schema-graph\">{\"@context\":\"https:\/\/schema.org\",\"@graph\":[{\"@type\":\"WebPage\",\"@id\":\"https:\/\/salzkammergutenglish.at\/de\/text-dienstleistungen\/\",\"url\":\"https:\/\/salzkammergutenglish.at\/de\/text-dienstleistungen\/\",\"name\":\"Text Dienstleistungen - Salzkammergut English\",\"isPartOf\":{\"@id\":\"https:\/\/salzkammergutenglish.at\/de\/#website\"},\"datePublished\":\"2021-04-19T18:19:01+00:00\",\"dateModified\":\"2023-01-15T08:37:50+00:00\",\"description\":\"Content, Inhalt, Korrektorat, Lektorat in Englisch von Native Speaker Mairi Bunce im Bad Ischl, Salzkammergut\",\"breadcrumb\":{\"@id\":\"https:\/\/salzkammergutenglish.at\/de\/text-dienstleistungen\/#breadcrumb\"},\"inLanguage\":\"de\",\"potentialAction\":[{\"@type\":\"ReadAction\",\"target\":[\"https:\/\/salzkammergutenglish.at\/de\/text-dienstleistungen\/\"]}]},{\"@type\":\"BreadcrumbList\",\"@id\":\"https:\/\/salzkammergutenglish.at\/de\/text-dienstleistungen\/#breadcrumb\",\"itemListElement\":[{\"@type\":\"ListItem\",\"position\":1,\"name\":\"Home\",\"item\":\"https:\/\/salzkammergutenglish.at\/de\/\"},{\"@type\":\"ListItem\",\"position\":2,\"name\":\"Text Dienstleistungen\"}]},{\"@type\":\"WebSite\",\"@id\":\"https:\/\/salzkammergutenglish.at\/de\/#website\",\"url\":\"https:\/\/salzkammergutenglish.at\/de\/\",\"name\":\"Salzkammergut English\",\"description\":\"Professional content writing, editing, and tutoring in English\",\"publisher\":{\"@id\":\"https:\/\/salzkammergutenglish.at\/de\/#\/schema\/person\/9a9c9ad5958f99338b4ac9ab4c682d84\"},\"potentialAction\":[{\"@type\":\"SearchAction\",\"target\":{\"@type\":\"EntryPoint\",\"urlTemplate\":\"https:\/\/salzkammergutenglish.at\/de\/?s={search_term_string}\"},\"query-input\":{\"@type\":\"PropertyValueSpecification\",\"valueRequired\":true,\"valueName\":\"search_term_string\"}}],\"inLanguage\":\"de\"},{\"@type\":[\"Person\",\"Organization\"],\"@id\":\"https:\/\/salzkammergutenglish.at\/de\/#\/schema\/person\/9a9c9ad5958f99338b4ac9ab4c682d84\",\"name\":\"mairibunce\",\"image\":{\"@type\":\"ImageObject\",\"inLanguage\":\"de\",\"@id\":\"https:\/\/salzkammergutenglish.at\/wp-content\/uploads\/2021\/02\/cropped-logo.png\",\"url\":\"https:\/\/salzkammergutenglish.at\/wp-content\/uploads\/2021\/02\/cropped-logo.png\",\"contentUrl\":\"https:\/\/salzkammergutenglish.at\/wp-content\/uploads\/2021\/02\/cropped-logo.png\",\"width\":2602,\"height\":592,\"caption\":\"mairibunce\"},\"logo\":{\"@id\":\"https:\/\/salzkammergutenglish.at\/wp-content\/uploads\/2021\/02\/cropped-logo.png\"},\"sameAs\":[\"https:\/\/www.facebook.com\/English.in.Ischl\",\"https:\/\/www.linkedin.com\/in\/salzkammergutenglish\/\"]}]}<\/script>\n<!-- \/ Yoast SEO plugin. -->","yoast_head_json":{"title":"Text Dienstleistungen - Salzkammergut English","description":"Content, Inhalt, Korrektorat, Lektorat in Englisch von Native Speaker Mairi Bunce im Bad Ischl, Salzkammergut","robots":{"index":"index","follow":"follow","max-snippet":"max-snippet:-1","max-image-preview":"max-image-preview:large","max-video-preview":"max-video-preview:-1"},"canonical":"https:\/\/salzkammergutenglish.at\/de\/text-dienstleistungen\/","og_locale":"de_DE","og_type":"article","og_title":"Text Dienstleistungen - Salzkammergut English","og_description":"Content, Inhalt, Korrektorat, Lektorat in Englisch von Native Speaker Mairi Bunce im Bad Ischl, Salzkammergut","og_url":"https:\/\/salzkammergutenglish.at\/de\/text-dienstleistungen\/","og_site_name":"Salzkammergut English","article_publisher":"https:\/\/www.facebook.com\/English.in.Ischl","article_modified_time":"2023-01-15T08:37:50+00:00","twitter_misc":{"Gesch\u00e4tzte Lesezeit":"2\u00a0Minuten"},"schema":{"@context":"https:\/\/schema.org","@graph":[{"@type":"WebPage","@id":"https:\/\/salzkammergutenglish.at\/de\/text-dienstleistungen\/","url":"https:\/\/salzkammergutenglish.at\/de\/text-dienstleistungen\/","name":"Text Dienstleistungen - Salzkammergut English","isPartOf":{"@id":"https:\/\/salzkammergutenglish.at\/de\/#website"},"datePublished":"2021-04-19T18:19:01+00:00","dateModified":"2023-01-15T08:37:50+00:00","description":"Content, Inhalt, Korrektorat, Lektorat in Englisch von Native Speaker Mairi Bunce im Bad Ischl, Salzkammergut","breadcrumb":{"@id":"https:\/\/salzkammergutenglish.at\/de\/text-dienstleistungen\/#breadcrumb"},"inLanguage":"de","potentialAction":[{"@type":"ReadAction","target":["https:\/\/salzkammergutenglish.at\/de\/text-dienstleistungen\/"]}]},{"@type":"BreadcrumbList","@id":"https:\/\/salzkammergutenglish.at\/de\/text-dienstleistungen\/#breadcrumb","itemListElement":[{"@type":"ListItem","position":1,"name":"Home","item":"https:\/\/salzkammergutenglish.at\/de\/"},{"@type":"ListItem","position":2,"name":"Text Dienstleistungen"}]},{"@type":"WebSite","@id":"https:\/\/salzkammergutenglish.at\/de\/#website","url":"https:\/\/salzkammergutenglish.at\/de\/","name":"Salzkammergut English","description":"Professional content writing, editing, and tutoring in English","publisher":{"@id":"https:\/\/salzkammergutenglish.at\/de\/#\/schema\/person\/9a9c9ad5958f99338b4ac9ab4c682d84"},"potentialAction":[{"@type":"SearchAction","target":{"@type":"EntryPoint","urlTemplate":"https:\/\/salzkammergutenglish.at\/de\/?s={search_term_string}"},"query-input":{"@type":"PropertyValueSpecification","valueRequired":true,"valueName":"search_term_string"}}],"inLanguage":"de"},{"@type":["Person","Organization"],"@id":"https:\/\/salzkammergutenglish.at\/de\/#\/schema\/person\/9a9c9ad5958f99338b4ac9ab4c682d84","name":"mairibunce","image":{"@type":"ImageObject","inLanguage":"de","@id":"https:\/\/salzkammergutenglish.at\/wp-content\/uploads\/2021\/02\/cropped-logo.png","url":"https:\/\/salzkammergutenglish.at\/wp-content\/uploads\/2021\/02\/cropped-logo.png","contentUrl":"https:\/\/salzkammergutenglish.at\/wp-content\/uploads\/2021\/02\/cropped-logo.png","width":2602,"height":592,"caption":"mairibunce"},"logo":{"@id":"https:\/\/salzkammergutenglish.at\/wp-content\/uploads\/2021\/02\/cropped-logo.png"},"sameAs":["https:\/\/www.facebook.com\/English.in.Ischl","https:\/\/www.linkedin.com\/in\/salzkammergutenglish\/"]}]}},"_links":{"self":[{"href":"https:\/\/salzkammergutenglish.at\/de\/wp-json\/wp\/v2\/pages\/742","targetHints":{"allow":["GET"]}}],"collection":[{"href":"https:\/\/salzkammergutenglish.at\/de\/wp-json\/wp\/v2\/pages"}],"about":[{"href":"https:\/\/salzkammergutenglish.at\/de\/wp-json\/wp\/v2\/types\/page"}],"author":[{"embeddable":true,"href":"https:\/\/salzkammergutenglish.at\/de\/wp-json\/wp\/v2\/users\/1"}],"replies":[{"embeddable":true,"href":"https:\/\/salzkammergutenglish.at\/de\/wp-json\/wp\/v2\/comments?post=742"}],"version-history":[{"count":5,"href":"https:\/\/salzkammergutenglish.at\/de\/wp-json\/wp\/v2\/pages\/742\/revisions"}],"predecessor-version":[{"id":1063,"href":"https:\/\/salzkammergutenglish.at\/de\/wp-json\/wp\/v2\/pages\/742\/revisions\/1063"}],"wp:attachment":[{"href":"https:\/\/salzkammergutenglish.at\/de\/wp-json\/wp\/v2\/media?parent=742"}],"curies":[{"name":"wp","href":"https:\/\/api.w.org\/{rel}","templated":true}]}}