{"id":744,"date":"2021-04-19T19:20:53","date_gmt":"2021-04-19T18:20:53","guid":{"rendered":"https:\/\/salzkammergutenglish.at\/?page_id=744"},"modified":"2025-11-20T14:57:50","modified_gmt":"2025-11-20T14:57:50","slug":"744-2","status":"publish","type":"page","link":"https:\/\/salzkammergutenglish.at\/de\/","title":{"rendered":"Mairi Bunce &#8211; Salzkammergut English"},"content":{"rendered":"\n<p>Ich bin schottische Autorin und Lektorin, die im \u00f6sterreichischen Salzkammergut zu Hause ist.<br><br>Ich lektoriere Texte f\u00fcr Verlage und Indie-Autoren &#8211; und k\u00fcmmere mich um alles, von Marketing-Posts bis zu akademischen Fachb\u00fcchern.<\/p>\n\n\n\n<p>Ich schreibe lange Artikel, die sich f\u00fcr Marken in Gro\u00dfbritannien, den USA und der EU umsetzen lassen.<\/p>\n\n\n\n<p>Ich \u00fcbersetze und verfeinere Inhalte f\u00fcr lokale \u00f6sterreichische Unternehmen, damit sie Beziehungen zu ihren englischsprachigen Kunden aufbauen k\u00f6nnen.<\/p>\n\n\n\n<p>Und wenn ich nicht an meinem Schreibtisch sitze, leite ich auch den<a href=\"https:\/\/salzkammergutenglish.at\/de\/english-play-and-learn-de\/\"> <u>English Play and Learn Babymusikkurs<\/u><\/a> f\u00fcr Familien in Bad Ischl.<\/p>\n\n\n\n<h3 class=\"wp-block-heading\">Erfahre mehr \u00fcber meine Dienstleistungen und lass uns <a href=\"https:\/\/salzkammergutenglish.at\/contact-me\/\"><u>noch heute ein Gespr\u00e4ch beginnen<\/u><\/a><\/h3>\n","protected":false},"excerpt":{"rendered":"<p>Ich bin schottische Autorin und Lektorin, die im \u00f6sterreichischen Salzkammergut zu Hause ist. Ich lektoriere Texte f\u00fcr Verlage und Indie-Autoren &#8211; und k\u00fcmmere mich um alles, von Marketing-Posts bis zu akademischen Fachb\u00fcchern. Ich schreibe lange&#8230;<\/p>\n","protected":false},"author":1,"featured_media":0,"parent":0,"menu_order":0,"comment_status":"closed","ping_status":"closed","template":"","meta":{"_monsterinsights_skip_tracking":false,"_monsterinsights_sitenote_active":false,"_monsterinsights_sitenote_note":"","_monsterinsights_sitenote_category":0,"footnotes":""},"class_list":["post-744","page","type-page","status-publish","hentry"],"yoast_head":"<!-- This site is optimized with the Yoast SEO plugin v27.2 - https:\/\/yoast.com\/product\/yoast-seo-wordpress\/ -->\n<title>Salzkammergut English \u2013 Mairi Bunce<\/title>\n<meta name=\"description\" content=\"Salzkammergut English - Lektorat, Korrektorat, Inhalt, Content auf Englisch in Bad Ischl. Mairi Bunce, englischsprachige Autorin und Lektorin\" \/>\n<meta name=\"robots\" content=\"index, follow, max-snippet:-1, max-image-preview:large, max-video-preview:-1\" \/>\n<link rel=\"canonical\" href=\"https:\/\/salzkammergutenglish.at\/de\/\" \/>\n<meta property=\"og:locale\" content=\"de_DE\" \/>\n<meta property=\"og:type\" content=\"article\" \/>\n<meta property=\"og:title\" content=\"Salzkammergut English \u2013 Mairi Bunce\" \/>\n<meta property=\"og:description\" content=\"Salzkammergut English - Lektorat, Korrektorat, Inhalt, Content auf Englisch in Bad Ischl. Mairi Bunce, englischsprachige Autorin und Lektorin\" \/>\n<meta property=\"og:url\" content=\"https:\/\/salzkammergutenglish.at\/de\/\" \/>\n<meta property=\"og:site_name\" content=\"Salzkammergut English\" \/>\n<meta property=\"article:publisher\" content=\"https:\/\/www.facebook.com\/English.in.Ischl\" \/>\n<meta property=\"article:modified_time\" content=\"2025-11-20T14:57:50+00:00\" \/>\n<meta name=\"twitter:label1\" content=\"Gesch\u00e4tzte Lesezeit\" \/>\n\t<meta name=\"twitter:data1\" content=\"1\u00a0Minute\" \/>\n<script type=\"application\/ld+json\" class=\"yoast-schema-graph\">{\"@context\":\"https:\/\/schema.org\",\"@graph\":[{\"@type\":\"WebPage\",\"@id\":\"https:\/\/salzkammergutenglish.at\/de\/\",\"url\":\"https:\/\/salzkammergutenglish.at\/de\/\",\"name\":\"Salzkammergut English \u2013 Mairi Bunce\",\"isPartOf\":{\"@id\":\"https:\/\/salzkammergutenglish.at\/de\/#website\"},\"datePublished\":\"2021-04-19T18:20:53+00:00\",\"dateModified\":\"2025-11-20T14:57:50+00:00\",\"description\":\"Salzkammergut English - Lektorat, Korrektorat, Inhalt, Content auf Englisch in Bad Ischl. Mairi Bunce, englischsprachige Autorin und Lektorin\",\"breadcrumb\":{\"@id\":\"https:\/\/salzkammergutenglish.at\/de\/#breadcrumb\"},\"inLanguage\":\"de\",\"potentialAction\":[{\"@type\":\"ReadAction\",\"target\":[\"https:\/\/salzkammergutenglish.at\/de\/\"]}]},{\"@type\":\"BreadcrumbList\",\"@id\":\"https:\/\/salzkammergutenglish.at\/de\/#breadcrumb\",\"itemListElement\":[{\"@type\":\"ListItem\",\"position\":1,\"name\":\"Home\",\"item\":\"https:\/\/salzkammergutenglish.at\/de\/\"},{\"@type\":\"ListItem\",\"position\":2,\"name\":\"Mairi Bunce &#8211; Salzkammergut English\"}]},{\"@type\":\"WebSite\",\"@id\":\"https:\/\/salzkammergutenglish.at\/de\/#website\",\"url\":\"https:\/\/salzkammergutenglish.at\/de\/\",\"name\":\"Salzkammergut English\",\"description\":\"Professional content writing, editing, and tutoring in English\",\"publisher\":{\"@id\":\"https:\/\/salzkammergutenglish.at\/de\/#\/schema\/person\/9a9c9ad5958f99338b4ac9ab4c682d84\"},\"potentialAction\":[{\"@type\":\"SearchAction\",\"target\":{\"@type\":\"EntryPoint\",\"urlTemplate\":\"https:\/\/salzkammergutenglish.at\/de\/?s={search_term_string}\"},\"query-input\":{\"@type\":\"PropertyValueSpecification\",\"valueRequired\":true,\"valueName\":\"search_term_string\"}}],\"inLanguage\":\"de\"},{\"@type\":[\"Person\",\"Organization\"],\"@id\":\"https:\/\/salzkammergutenglish.at\/de\/#\/schema\/person\/9a9c9ad5958f99338b4ac9ab4c682d84\",\"name\":\"mairibunce\",\"image\":{\"@type\":\"ImageObject\",\"inLanguage\":\"de\",\"@id\":\"https:\/\/salzkammergutenglish.at\/wp-content\/uploads\/2021\/02\/cropped-logo.png\",\"url\":\"https:\/\/salzkammergutenglish.at\/wp-content\/uploads\/2021\/02\/cropped-logo.png\",\"contentUrl\":\"https:\/\/salzkammergutenglish.at\/wp-content\/uploads\/2021\/02\/cropped-logo.png\",\"width\":2602,\"height\":592,\"caption\":\"mairibunce\"},\"logo\":{\"@id\":\"https:\/\/salzkammergutenglish.at\/wp-content\/uploads\/2021\/02\/cropped-logo.png\"},\"sameAs\":[\"https:\/\/www.facebook.com\/English.in.Ischl\",\"https:\/\/www.linkedin.com\/in\/salzkammergutenglish\/\"]}]}<\/script>\n<!-- \/ Yoast SEO plugin. -->","yoast_head_json":{"title":"Salzkammergut English \u2013 Mairi Bunce","description":"Salzkammergut English - Lektorat, Korrektorat, Inhalt, Content auf Englisch in Bad Ischl. Mairi Bunce, englischsprachige Autorin und Lektorin","robots":{"index":"index","follow":"follow","max-snippet":"max-snippet:-1","max-image-preview":"max-image-preview:large","max-video-preview":"max-video-preview:-1"},"canonical":"https:\/\/salzkammergutenglish.at\/de\/","og_locale":"de_DE","og_type":"article","og_title":"Salzkammergut English \u2013 Mairi Bunce","og_description":"Salzkammergut English - Lektorat, Korrektorat, Inhalt, Content auf Englisch in Bad Ischl. Mairi Bunce, englischsprachige Autorin und Lektorin","og_url":"https:\/\/salzkammergutenglish.at\/de\/","og_site_name":"Salzkammergut English","article_publisher":"https:\/\/www.facebook.com\/English.in.Ischl","article_modified_time":"2025-11-20T14:57:50+00:00","twitter_misc":{"Gesch\u00e4tzte Lesezeit":"1\u00a0Minute"},"schema":{"@context":"https:\/\/schema.org","@graph":[{"@type":"WebPage","@id":"https:\/\/salzkammergutenglish.at\/de\/","url":"https:\/\/salzkammergutenglish.at\/de\/","name":"Salzkammergut English \u2013 Mairi Bunce","isPartOf":{"@id":"https:\/\/salzkammergutenglish.at\/de\/#website"},"datePublished":"2021-04-19T18:20:53+00:00","dateModified":"2025-11-20T14:57:50+00:00","description":"Salzkammergut English - Lektorat, Korrektorat, Inhalt, Content auf Englisch in Bad Ischl. Mairi Bunce, englischsprachige Autorin und Lektorin","breadcrumb":{"@id":"https:\/\/salzkammergutenglish.at\/de\/#breadcrumb"},"inLanguage":"de","potentialAction":[{"@type":"ReadAction","target":["https:\/\/salzkammergutenglish.at\/de\/"]}]},{"@type":"BreadcrumbList","@id":"https:\/\/salzkammergutenglish.at\/de\/#breadcrumb","itemListElement":[{"@type":"ListItem","position":1,"name":"Home","item":"https:\/\/salzkammergutenglish.at\/de\/"},{"@type":"ListItem","position":2,"name":"Mairi Bunce &#8211; Salzkammergut English"}]},{"@type":"WebSite","@id":"https:\/\/salzkammergutenglish.at\/de\/#website","url":"https:\/\/salzkammergutenglish.at\/de\/","name":"Salzkammergut English","description":"Professional content writing, editing, and tutoring in English","publisher":{"@id":"https:\/\/salzkammergutenglish.at\/de\/#\/schema\/person\/9a9c9ad5958f99338b4ac9ab4c682d84"},"potentialAction":[{"@type":"SearchAction","target":{"@type":"EntryPoint","urlTemplate":"https:\/\/salzkammergutenglish.at\/de\/?s={search_term_string}"},"query-input":{"@type":"PropertyValueSpecification","valueRequired":true,"valueName":"search_term_string"}}],"inLanguage":"de"},{"@type":["Person","Organization"],"@id":"https:\/\/salzkammergutenglish.at\/de\/#\/schema\/person\/9a9c9ad5958f99338b4ac9ab4c682d84","name":"mairibunce","image":{"@type":"ImageObject","inLanguage":"de","@id":"https:\/\/salzkammergutenglish.at\/wp-content\/uploads\/2021\/02\/cropped-logo.png","url":"https:\/\/salzkammergutenglish.at\/wp-content\/uploads\/2021\/02\/cropped-logo.png","contentUrl":"https:\/\/salzkammergutenglish.at\/wp-content\/uploads\/2021\/02\/cropped-logo.png","width":2602,"height":592,"caption":"mairibunce"},"logo":{"@id":"https:\/\/salzkammergutenglish.at\/wp-content\/uploads\/2021\/02\/cropped-logo.png"},"sameAs":["https:\/\/www.facebook.com\/English.in.Ischl","https:\/\/www.linkedin.com\/in\/salzkammergutenglish\/"]}]}},"_links":{"self":[{"href":"https:\/\/salzkammergutenglish.at\/de\/wp-json\/wp\/v2\/pages\/744","targetHints":{"allow":["GET"]}}],"collection":[{"href":"https:\/\/salzkammergutenglish.at\/de\/wp-json\/wp\/v2\/pages"}],"about":[{"href":"https:\/\/salzkammergutenglish.at\/de\/wp-json\/wp\/v2\/types\/page"}],"author":[{"embeddable":true,"href":"https:\/\/salzkammergutenglish.at\/de\/wp-json\/wp\/v2\/users\/1"}],"replies":[{"embeddable":true,"href":"https:\/\/salzkammergutenglish.at\/de\/wp-json\/wp\/v2\/comments?post=744"}],"version-history":[{"count":6,"href":"https:\/\/salzkammergutenglish.at\/de\/wp-json\/wp\/v2\/pages\/744\/revisions"}],"predecessor-version":[{"id":1202,"href":"https:\/\/salzkammergutenglish.at\/de\/wp-json\/wp\/v2\/pages\/744\/revisions\/1202"}],"wp:attachment":[{"href":"https:\/\/salzkammergutenglish.at\/de\/wp-json\/wp\/v2\/media?parent=744"}],"curies":[{"name":"wp","href":"https:\/\/api.w.org\/{rel}","templated":true}]}}