{"id":793,"date":"2021-04-21T19:02:52","date_gmt":"2021-04-21T18:02:52","guid":{"rendered":"https:\/\/salzkammergutenglish.at\/?page_id=793"},"modified":"2021-04-21T19:19:10","modified_gmt":"2021-04-21T18:19:10","slug":"agb-haftung","status":"publish","type":"page","link":"https:\/\/salzkammergutenglish.at\/de\/agb-haftung\/","title":{"rendered":"AGB\/Haftung"},"content":{"rendered":"\n<p>Ich bereite f\u00fcr jeden Termin sorgf\u00e4ltig vor. Ich bitte Sie daher vereinbarte Termine rechtzeitig, mindestens jedoch 24 Stunden vorher abzusagen. Bei kurzfristigen abgesagten Terminen wird die Einheit im Regelfall in Rechnung gestellt. Termine finden ausschlie\u00dflich wie vereinbart statt (z.B. vor Ort oder per Zoom). Planen Sie daher ausreichend Zeit ein, um bereits einige Minuten vor dem vereinbarten Termin die Verbindung aufzubauen.<\/p>\n\n\n\n<p>Es wird auch empfohlen, vorab einen Funktionstest der Technik durchzuf\u00fchren.<\/p>\n\n\n\n<h4 class=\"wp-block-heading\"><strong>Allgemeine Gesch\u00e4ftsbedingungen f\u00fcr Sprachtrainingsauftr\u00e4ge<br><\/strong><em>angelehnt an AGB f\u00fcr Sprachdienstleister laut WKO<\/em><\/h4>\n\n\n\n<p><a href=\"https:\/\/www.wko.at\/branchen\/k\/gewerbe-handwerk\/gewerbliche-dienstleister\/AGB-Sprachdienstleister-06_2019.pdf\">https:\/\/www.wko.at\/branchen\/k\/gewerbe-handwerk\/gewerbliche-dienstleister\/AGB-Sprachdienstleister-06_2019.pdf<\/a><\/p>\n\n\n\n<p>Die Inhalte dieser Webseite wurden sorgf\u00e4ltig gepr\u00fcft. F\u00fcr deren Aktualit\u00e4t, Richtigkeit und Vollst\u00e4ndigkeit wird keine Haftung \u00fcbernommen.<\/p>\n\n\n\n<p>Die Herausgeberin dieser Webseite hat jederzeit und ohne vorherige Ank\u00fcndigung das Recht, \u00c4nderungen auf dieser Webseite vorzunehmen.<\/p>\n\n\n\n<p>F\u00fcr die Inhalte anderer Webseiten, auf die mittels Hyperlinks verwiesen wird, wird keinerlei Haftung \u00fcbernommen. Die Herstellung der Verbindung zu anderen Webseiten erfolgt auf eigene Gefahr.<\/p>\n\n\n\n<p>Das Copyright aller Inhalte dieser Webseite liegt bei der Herausgeberin. Die Verwendung s\u00e4mtlicher Inhalte dieser Webseite bedarf der vorherigen Zustimmung der Herausgeberin.<\/p>\n","protected":false},"excerpt":{"rendered":"<p>Ich bereite f\u00fcr jeden Termin sorgf\u00e4ltig vor. Ich bitte Sie daher vereinbarte Termine rechtzeitig, mindestens jedoch 24 Stunden vorher abzusagen. Bei kurzfristigen abgesagten Terminen wird die Einheit im Regelfall in Rechnung gestellt. Termine finden ausschlie\u00dflich&#8230;<\/p>\n","protected":false},"author":1,"featured_media":0,"parent":0,"menu_order":0,"comment_status":"closed","ping_status":"closed","template":"","meta":{"_monsterinsights_skip_tracking":false,"_monsterinsights_sitenote_active":false,"_monsterinsights_sitenote_note":"","_monsterinsights_sitenote_category":0,"footnotes":""},"class_list":["post-793","page","type-page","status-publish","hentry"],"yoast_head":"<!-- This site is optimized with the Yoast SEO plugin v27.2 - https:\/\/yoast.com\/product\/yoast-seo-wordpress\/ -->\n<title>AGB\/Haftung - Salzkammergut English<\/title>\n<meta name=\"robots\" content=\"index, follow, max-snippet:-1, max-image-preview:large, max-video-preview:-1\" \/>\n<link rel=\"canonical\" href=\"https:\/\/salzkammergutenglish.at\/de\/agb-haftung\/\" \/>\n<meta property=\"og:locale\" content=\"de_DE\" \/>\n<meta property=\"og:type\" content=\"article\" \/>\n<meta property=\"og:title\" content=\"AGB\/Haftung - Salzkammergut English\" \/>\n<meta property=\"og:description\" content=\"Ich bereite f\u00fcr jeden Termin sorgf\u00e4ltig vor. Ich bitte Sie daher vereinbarte Termine rechtzeitig, mindestens jedoch 24 Stunden vorher abzusagen. Bei kurzfristigen abgesagten Terminen wird die Einheit im Regelfall in Rechnung gestellt. Termine finden ausschlie\u00dflich...\" \/>\n<meta property=\"og:url\" content=\"https:\/\/salzkammergutenglish.at\/de\/agb-haftung\/\" \/>\n<meta property=\"og:site_name\" content=\"Salzkammergut English\" \/>\n<meta property=\"article:publisher\" content=\"https:\/\/www.facebook.com\/English.in.Ischl\" \/>\n<meta property=\"article:modified_time\" content=\"2021-04-21T18:19:10+00:00\" \/>\n<meta name=\"twitter:label1\" content=\"Gesch\u00e4tzte Lesezeit\" \/>\n\t<meta name=\"twitter:data1\" content=\"1\u00a0Minute\" \/>\n<script type=\"application\/ld+json\" class=\"yoast-schema-graph\">{\"@context\":\"https:\/\/schema.org\",\"@graph\":[{\"@type\":\"WebPage\",\"@id\":\"https:\/\/salzkammergutenglish.at\/de\/agb-haftung\/\",\"url\":\"https:\/\/salzkammergutenglish.at\/de\/agb-haftung\/\",\"name\":\"AGB\/Haftung - Salzkammergut English\",\"isPartOf\":{\"@id\":\"https:\/\/salzkammergutenglish.at\/de\/#website\"},\"datePublished\":\"2021-04-21T18:02:52+00:00\",\"dateModified\":\"2021-04-21T18:19:10+00:00\",\"breadcrumb\":{\"@id\":\"https:\/\/salzkammergutenglish.at\/de\/agb-haftung\/#breadcrumb\"},\"inLanguage\":\"de\",\"potentialAction\":[{\"@type\":\"ReadAction\",\"target\":[\"https:\/\/salzkammergutenglish.at\/de\/agb-haftung\/\"]}]},{\"@type\":\"BreadcrumbList\",\"@id\":\"https:\/\/salzkammergutenglish.at\/de\/agb-haftung\/#breadcrumb\",\"itemListElement\":[{\"@type\":\"ListItem\",\"position\":1,\"name\":\"Home\",\"item\":\"https:\/\/salzkammergutenglish.at\/de\/\"},{\"@type\":\"ListItem\",\"position\":2,\"name\":\"AGB\/Haftung\"}]},{\"@type\":\"WebSite\",\"@id\":\"https:\/\/salzkammergutenglish.at\/de\/#website\",\"url\":\"https:\/\/salzkammergutenglish.at\/de\/\",\"name\":\"Salzkammergut English\",\"description\":\"Professional content writing, editing, and tutoring in English\",\"publisher\":{\"@id\":\"https:\/\/salzkammergutenglish.at\/de\/#\/schema\/person\/9a9c9ad5958f99338b4ac9ab4c682d84\"},\"potentialAction\":[{\"@type\":\"SearchAction\",\"target\":{\"@type\":\"EntryPoint\",\"urlTemplate\":\"https:\/\/salzkammergutenglish.at\/de\/?s={search_term_string}\"},\"query-input\":{\"@type\":\"PropertyValueSpecification\",\"valueRequired\":true,\"valueName\":\"search_term_string\"}}],\"inLanguage\":\"de\"},{\"@type\":[\"Person\",\"Organization\"],\"@id\":\"https:\/\/salzkammergutenglish.at\/de\/#\/schema\/person\/9a9c9ad5958f99338b4ac9ab4c682d84\",\"name\":\"mairibunce\",\"image\":{\"@type\":\"ImageObject\",\"inLanguage\":\"de\",\"@id\":\"https:\/\/salzkammergutenglish.at\/wp-content\/uploads\/2021\/02\/cropped-logo.png\",\"url\":\"https:\/\/salzkammergutenglish.at\/wp-content\/uploads\/2021\/02\/cropped-logo.png\",\"contentUrl\":\"https:\/\/salzkammergutenglish.at\/wp-content\/uploads\/2021\/02\/cropped-logo.png\",\"width\":2602,\"height\":592,\"caption\":\"mairibunce\"},\"logo\":{\"@id\":\"https:\/\/salzkammergutenglish.at\/wp-content\/uploads\/2021\/02\/cropped-logo.png\"},\"sameAs\":[\"https:\/\/www.facebook.com\/English.in.Ischl\",\"https:\/\/www.linkedin.com\/in\/salzkammergutenglish\/\"]}]}<\/script>\n<!-- \/ Yoast SEO plugin. -->","yoast_head_json":{"title":"AGB\/Haftung - Salzkammergut English","robots":{"index":"index","follow":"follow","max-snippet":"max-snippet:-1","max-image-preview":"max-image-preview:large","max-video-preview":"max-video-preview:-1"},"canonical":"https:\/\/salzkammergutenglish.at\/de\/agb-haftung\/","og_locale":"de_DE","og_type":"article","og_title":"AGB\/Haftung - Salzkammergut English","og_description":"Ich bereite f\u00fcr jeden Termin sorgf\u00e4ltig vor. Ich bitte Sie daher vereinbarte Termine rechtzeitig, mindestens jedoch 24 Stunden vorher abzusagen. Bei kurzfristigen abgesagten Terminen wird die Einheit im Regelfall in Rechnung gestellt. Termine finden ausschlie\u00dflich...","og_url":"https:\/\/salzkammergutenglish.at\/de\/agb-haftung\/","og_site_name":"Salzkammergut English","article_publisher":"https:\/\/www.facebook.com\/English.in.Ischl","article_modified_time":"2021-04-21T18:19:10+00:00","twitter_misc":{"Gesch\u00e4tzte Lesezeit":"1\u00a0Minute"},"schema":{"@context":"https:\/\/schema.org","@graph":[{"@type":"WebPage","@id":"https:\/\/salzkammergutenglish.at\/de\/agb-haftung\/","url":"https:\/\/salzkammergutenglish.at\/de\/agb-haftung\/","name":"AGB\/Haftung - Salzkammergut English","isPartOf":{"@id":"https:\/\/salzkammergutenglish.at\/de\/#website"},"datePublished":"2021-04-21T18:02:52+00:00","dateModified":"2021-04-21T18:19:10+00:00","breadcrumb":{"@id":"https:\/\/salzkammergutenglish.at\/de\/agb-haftung\/#breadcrumb"},"inLanguage":"de","potentialAction":[{"@type":"ReadAction","target":["https:\/\/salzkammergutenglish.at\/de\/agb-haftung\/"]}]},{"@type":"BreadcrumbList","@id":"https:\/\/salzkammergutenglish.at\/de\/agb-haftung\/#breadcrumb","itemListElement":[{"@type":"ListItem","position":1,"name":"Home","item":"https:\/\/salzkammergutenglish.at\/de\/"},{"@type":"ListItem","position":2,"name":"AGB\/Haftung"}]},{"@type":"WebSite","@id":"https:\/\/salzkammergutenglish.at\/de\/#website","url":"https:\/\/salzkammergutenglish.at\/de\/","name":"Salzkammergut English","description":"Professional content writing, editing, and tutoring in English","publisher":{"@id":"https:\/\/salzkammergutenglish.at\/de\/#\/schema\/person\/9a9c9ad5958f99338b4ac9ab4c682d84"},"potentialAction":[{"@type":"SearchAction","target":{"@type":"EntryPoint","urlTemplate":"https:\/\/salzkammergutenglish.at\/de\/?s={search_term_string}"},"query-input":{"@type":"PropertyValueSpecification","valueRequired":true,"valueName":"search_term_string"}}],"inLanguage":"de"},{"@type":["Person","Organization"],"@id":"https:\/\/salzkammergutenglish.at\/de\/#\/schema\/person\/9a9c9ad5958f99338b4ac9ab4c682d84","name":"mairibunce","image":{"@type":"ImageObject","inLanguage":"de","@id":"https:\/\/salzkammergutenglish.at\/wp-content\/uploads\/2021\/02\/cropped-logo.png","url":"https:\/\/salzkammergutenglish.at\/wp-content\/uploads\/2021\/02\/cropped-logo.png","contentUrl":"https:\/\/salzkammergutenglish.at\/wp-content\/uploads\/2021\/02\/cropped-logo.png","width":2602,"height":592,"caption":"mairibunce"},"logo":{"@id":"https:\/\/salzkammergutenglish.at\/wp-content\/uploads\/2021\/02\/cropped-logo.png"},"sameAs":["https:\/\/www.facebook.com\/English.in.Ischl","https:\/\/www.linkedin.com\/in\/salzkammergutenglish\/"]}]}},"_links":{"self":[{"href":"https:\/\/salzkammergutenglish.at\/de\/wp-json\/wp\/v2\/pages\/793","targetHints":{"allow":["GET"]}}],"collection":[{"href":"https:\/\/salzkammergutenglish.at\/de\/wp-json\/wp\/v2\/pages"}],"about":[{"href":"https:\/\/salzkammergutenglish.at\/de\/wp-json\/wp\/v2\/types\/page"}],"author":[{"embeddable":true,"href":"https:\/\/salzkammergutenglish.at\/de\/wp-json\/wp\/v2\/users\/1"}],"replies":[{"embeddable":true,"href":"https:\/\/salzkammergutenglish.at\/de\/wp-json\/wp\/v2\/comments?post=793"}],"version-history":[{"count":3,"href":"https:\/\/salzkammergutenglish.at\/de\/wp-json\/wp\/v2\/pages\/793\/revisions"}],"predecessor-version":[{"id":797,"href":"https:\/\/salzkammergutenglish.at\/de\/wp-json\/wp\/v2\/pages\/793\/revisions\/797"}],"wp:attachment":[{"href":"https:\/\/salzkammergutenglish.at\/de\/wp-json\/wp\/v2\/media?parent=793"}],"curies":[{"name":"wp","href":"https:\/\/api.w.org\/{rel}","templated":true}]}}