{"id":803,"date":"2021-05-13T20:51:21","date_gmt":"2021-05-13T19:51:21","guid":{"rendered":"https:\/\/salzkammergutenglish.at\/?page_id=803"},"modified":"2023-04-27T19:02:41","modified_gmt":"2023-04-27T18:02:41","slug":"uebersetzung","status":"publish","type":"page","link":"https:\/\/salzkammergutenglish.at\/de\/uebersetzung\/","title":{"rendered":"\u00dcbersetzung"},"content":{"rendered":"\n<h2 class=\"wp-block-heading\">Deutsch Englisch \u00dcbersetzung in Bad Ischl <\/h2>\n\n\n\n<p>Ich bin Literatur\u00fcbersetzerin mit Erfahrung in den Bereichen Tourismusmarketing und \u00dcbersetzungen f\u00fcr zweisprachige Verlage.<\/p>\n\n\n\n<h3 class=\"wp-block-heading\">Auf dem Weg zur Kulturhauptstadt<\/h3>\n\n\n\n<p>W\u00e4hrend sich Bad Ischl und das Salzkammergut darauf vorbereiten, <a href=\"https:\/\/www.salzkammergut-2024.at\/\">Kulturhauptstadt Europas 2024<\/a> zu werden, wollen die lokalen Unternehmen in die englische \u00dcbersetzung ihrer Marketingmaterialien, Websites, Speisekarten und Reisef\u00fchrer investieren.<\/p>\n\n\n\n<p>Als \u00dcbersetzerin bin ich effizient und pr\u00e4zise.<\/p>\n\n\n\n<p>Ich bringe meine kreativen Schreibf\u00e4higkeiten sowie meine Fachkenntnisse und Erfahrungen mit ein.<\/p>\n\n\n\n<p>Vor allem aber basiert meine \u00dcbersetzungen vom Deutschen ins Englische auf meinem Wissen \u00fcber und meiner Liebe zu \u00d6sterreich und dem Salzkammergut. Ich werde deinen Text nicht nur ins Englische \u00fcbersetzen, sondern auch daf\u00fcr sorgen, dass er wirklich nach dir klingt.<\/p>\n\n\n\n<p>Egal, ob du 100 oder 10.000 W\u00f6rter vom Deutschen ins Englische \u00fcbersetzen musst, ich w\u00fcrde gerne h\u00f6ren, was du vorhast.<\/p>\n\n\n\n<div class=\"wp-block-buttons is-layout-flex wp-block-buttons-is-layout-flex\">\n<div class=\"wp-block-button\"><a class=\"wp-block-button__link wp-element-button\" href=\"https:\/\/salzkammergutenglish.at\/contact-me\/\">Kontakt<\/a><\/div>\n<\/div>\n\n\n\n<p><\/p>\n","protected":false},"excerpt":{"rendered":"<p>Deutsch Englisch \u00dcbersetzung in Bad Ischl Ich bin Literatur\u00fcbersetzerin mit Erfahrung in den Bereichen Tourismusmarketing und \u00dcbersetzungen f\u00fcr zweisprachige Verlage. Auf dem Weg zur Kulturhauptstadt W\u00e4hrend sich Bad Ischl und das Salzkammergut darauf vorbereiten, Kulturhauptstadt&#8230;<\/p>\n","protected":false},"author":1,"featured_media":0,"parent":0,"menu_order":0,"comment_status":"closed","ping_status":"closed","template":"","meta":{"_monsterinsights_skip_tracking":false,"_monsterinsights_sitenote_active":false,"_monsterinsights_sitenote_note":"","_monsterinsights_sitenote_category":0,"footnotes":""},"class_list":["post-803","page","type-page","status-publish","hentry"],"yoast_head":"<!-- This site is optimized with the Yoast SEO plugin v27.2 - https:\/\/yoast.com\/product\/yoast-seo-wordpress\/ -->\n<title>\u00dcbersetzung - Salzkammergut English<\/title>\n<meta name=\"description\" content=\"Deutsch Englisch \u00dcbersetzung in Bad Ischl. Marketing und Webseiten \u00dcbersetzung. Native speaker mit erfahrung.\" \/>\n<meta name=\"robots\" content=\"index, follow, max-snippet:-1, max-image-preview:large, max-video-preview:-1\" \/>\n<link rel=\"canonical\" href=\"https:\/\/salzkammergutenglish.at\/de\/uebersetzung\/\" \/>\n<meta property=\"og:locale\" content=\"de_DE\" \/>\n<meta property=\"og:type\" content=\"article\" \/>\n<meta property=\"og:title\" content=\"\u00dcbersetzung - Salzkammergut English\" \/>\n<meta property=\"og:description\" content=\"Deutsch Englisch \u00dcbersetzung in Bad Ischl. Marketing und Webseiten \u00dcbersetzung. Native speaker mit erfahrung.\" \/>\n<meta property=\"og:url\" content=\"https:\/\/salzkammergutenglish.at\/de\/uebersetzung\/\" \/>\n<meta property=\"og:site_name\" content=\"Salzkammergut English\" \/>\n<meta property=\"article:publisher\" content=\"https:\/\/www.facebook.com\/English.in.Ischl\" \/>\n<meta property=\"article:modified_time\" content=\"2023-04-27T18:02:41+00:00\" \/>\n<meta name=\"twitter:label1\" content=\"Gesch\u00e4tzte Lesezeit\" \/>\n\t<meta name=\"twitter:data1\" content=\"1\u00a0Minute\" \/>\n<script type=\"application\/ld+json\" class=\"yoast-schema-graph\">{\"@context\":\"https:\/\/schema.org\",\"@graph\":[{\"@type\":\"WebPage\",\"@id\":\"https:\/\/salzkammergutenglish.at\/de\/uebersetzung\/\",\"url\":\"https:\/\/salzkammergutenglish.at\/de\/uebersetzung\/\",\"name\":\"\u00dcbersetzung - Salzkammergut English\",\"isPartOf\":{\"@id\":\"https:\/\/salzkammergutenglish.at\/de\/#website\"},\"datePublished\":\"2021-05-13T19:51:21+00:00\",\"dateModified\":\"2023-04-27T18:02:41+00:00\",\"description\":\"Deutsch Englisch \u00dcbersetzung in Bad Ischl. Marketing und Webseiten \u00dcbersetzung. Native speaker mit erfahrung.\",\"breadcrumb\":{\"@id\":\"https:\/\/salzkammergutenglish.at\/de\/uebersetzung\/#breadcrumb\"},\"inLanguage\":\"de\",\"potentialAction\":[{\"@type\":\"ReadAction\",\"target\":[\"https:\/\/salzkammergutenglish.at\/de\/uebersetzung\/\"]}]},{\"@type\":\"BreadcrumbList\",\"@id\":\"https:\/\/salzkammergutenglish.at\/de\/uebersetzung\/#breadcrumb\",\"itemListElement\":[{\"@type\":\"ListItem\",\"position\":1,\"name\":\"Home\",\"item\":\"https:\/\/salzkammergutenglish.at\/de\/\"},{\"@type\":\"ListItem\",\"position\":2,\"name\":\"\u00dcbersetzung\"}]},{\"@type\":\"WebSite\",\"@id\":\"https:\/\/salzkammergutenglish.at\/de\/#website\",\"url\":\"https:\/\/salzkammergutenglish.at\/de\/\",\"name\":\"Salzkammergut English\",\"description\":\"Professional content writing, editing, and tutoring in English\",\"publisher\":{\"@id\":\"https:\/\/salzkammergutenglish.at\/de\/#\/schema\/person\/9a9c9ad5958f99338b4ac9ab4c682d84\"},\"potentialAction\":[{\"@type\":\"SearchAction\",\"target\":{\"@type\":\"EntryPoint\",\"urlTemplate\":\"https:\/\/salzkammergutenglish.at\/de\/?s={search_term_string}\"},\"query-input\":{\"@type\":\"PropertyValueSpecification\",\"valueRequired\":true,\"valueName\":\"search_term_string\"}}],\"inLanguage\":\"de\"},{\"@type\":[\"Person\",\"Organization\"],\"@id\":\"https:\/\/salzkammergutenglish.at\/de\/#\/schema\/person\/9a9c9ad5958f99338b4ac9ab4c682d84\",\"name\":\"mairibunce\",\"image\":{\"@type\":\"ImageObject\",\"inLanguage\":\"de\",\"@id\":\"https:\/\/salzkammergutenglish.at\/wp-content\/uploads\/2021\/02\/cropped-logo.png\",\"url\":\"https:\/\/salzkammergutenglish.at\/wp-content\/uploads\/2021\/02\/cropped-logo.png\",\"contentUrl\":\"https:\/\/salzkammergutenglish.at\/wp-content\/uploads\/2021\/02\/cropped-logo.png\",\"width\":2602,\"height\":592,\"caption\":\"mairibunce\"},\"logo\":{\"@id\":\"https:\/\/salzkammergutenglish.at\/wp-content\/uploads\/2021\/02\/cropped-logo.png\"},\"sameAs\":[\"https:\/\/www.facebook.com\/English.in.Ischl\",\"https:\/\/www.linkedin.com\/in\/salzkammergutenglish\/\"]}]}<\/script>\n<!-- \/ Yoast SEO plugin. -->","yoast_head_json":{"title":"\u00dcbersetzung - Salzkammergut English","description":"Deutsch Englisch \u00dcbersetzung in Bad Ischl. Marketing und Webseiten \u00dcbersetzung. Native speaker mit erfahrung.","robots":{"index":"index","follow":"follow","max-snippet":"max-snippet:-1","max-image-preview":"max-image-preview:large","max-video-preview":"max-video-preview:-1"},"canonical":"https:\/\/salzkammergutenglish.at\/de\/uebersetzung\/","og_locale":"de_DE","og_type":"article","og_title":"\u00dcbersetzung - Salzkammergut English","og_description":"Deutsch Englisch \u00dcbersetzung in Bad Ischl. Marketing und Webseiten \u00dcbersetzung. Native speaker mit erfahrung.","og_url":"https:\/\/salzkammergutenglish.at\/de\/uebersetzung\/","og_site_name":"Salzkammergut English","article_publisher":"https:\/\/www.facebook.com\/English.in.Ischl","article_modified_time":"2023-04-27T18:02:41+00:00","twitter_misc":{"Gesch\u00e4tzte Lesezeit":"1\u00a0Minute"},"schema":{"@context":"https:\/\/schema.org","@graph":[{"@type":"WebPage","@id":"https:\/\/salzkammergutenglish.at\/de\/uebersetzung\/","url":"https:\/\/salzkammergutenglish.at\/de\/uebersetzung\/","name":"\u00dcbersetzung - Salzkammergut English","isPartOf":{"@id":"https:\/\/salzkammergutenglish.at\/de\/#website"},"datePublished":"2021-05-13T19:51:21+00:00","dateModified":"2023-04-27T18:02:41+00:00","description":"Deutsch Englisch \u00dcbersetzung in Bad Ischl. Marketing und Webseiten \u00dcbersetzung. Native speaker mit erfahrung.","breadcrumb":{"@id":"https:\/\/salzkammergutenglish.at\/de\/uebersetzung\/#breadcrumb"},"inLanguage":"de","potentialAction":[{"@type":"ReadAction","target":["https:\/\/salzkammergutenglish.at\/de\/uebersetzung\/"]}]},{"@type":"BreadcrumbList","@id":"https:\/\/salzkammergutenglish.at\/de\/uebersetzung\/#breadcrumb","itemListElement":[{"@type":"ListItem","position":1,"name":"Home","item":"https:\/\/salzkammergutenglish.at\/de\/"},{"@type":"ListItem","position":2,"name":"\u00dcbersetzung"}]},{"@type":"WebSite","@id":"https:\/\/salzkammergutenglish.at\/de\/#website","url":"https:\/\/salzkammergutenglish.at\/de\/","name":"Salzkammergut English","description":"Professional content writing, editing, and tutoring in English","publisher":{"@id":"https:\/\/salzkammergutenglish.at\/de\/#\/schema\/person\/9a9c9ad5958f99338b4ac9ab4c682d84"},"potentialAction":[{"@type":"SearchAction","target":{"@type":"EntryPoint","urlTemplate":"https:\/\/salzkammergutenglish.at\/de\/?s={search_term_string}"},"query-input":{"@type":"PropertyValueSpecification","valueRequired":true,"valueName":"search_term_string"}}],"inLanguage":"de"},{"@type":["Person","Organization"],"@id":"https:\/\/salzkammergutenglish.at\/de\/#\/schema\/person\/9a9c9ad5958f99338b4ac9ab4c682d84","name":"mairibunce","image":{"@type":"ImageObject","inLanguage":"de","@id":"https:\/\/salzkammergutenglish.at\/wp-content\/uploads\/2021\/02\/cropped-logo.png","url":"https:\/\/salzkammergutenglish.at\/wp-content\/uploads\/2021\/02\/cropped-logo.png","contentUrl":"https:\/\/salzkammergutenglish.at\/wp-content\/uploads\/2021\/02\/cropped-logo.png","width":2602,"height":592,"caption":"mairibunce"},"logo":{"@id":"https:\/\/salzkammergutenglish.at\/wp-content\/uploads\/2021\/02\/cropped-logo.png"},"sameAs":["https:\/\/www.facebook.com\/English.in.Ischl","https:\/\/www.linkedin.com\/in\/salzkammergutenglish\/"]}]}},"_links":{"self":[{"href":"https:\/\/salzkammergutenglish.at\/de\/wp-json\/wp\/v2\/pages\/803","targetHints":{"allow":["GET"]}}],"collection":[{"href":"https:\/\/salzkammergutenglish.at\/de\/wp-json\/wp\/v2\/pages"}],"about":[{"href":"https:\/\/salzkammergutenglish.at\/de\/wp-json\/wp\/v2\/types\/page"}],"author":[{"embeddable":true,"href":"https:\/\/salzkammergutenglish.at\/de\/wp-json\/wp\/v2\/users\/1"}],"replies":[{"embeddable":true,"href":"https:\/\/salzkammergutenglish.at\/de\/wp-json\/wp\/v2\/comments?post=803"}],"version-history":[{"count":2,"href":"https:\/\/salzkammergutenglish.at\/de\/wp-json\/wp\/v2\/pages\/803\/revisions"}],"predecessor-version":[{"id":1076,"href":"https:\/\/salzkammergutenglish.at\/de\/wp-json\/wp\/v2\/pages\/803\/revisions\/1076"}],"wp:attachment":[{"href":"https:\/\/salzkammergutenglish.at\/de\/wp-json\/wp\/v2\/media?parent=803"}],"curies":[{"name":"wp","href":"https:\/\/api.w.org\/{rel}","templated":true}]}}